{"id":71648,"date":"2025-12-18T11:12:37","date_gmt":"2025-12-18T10:12:37","guid":{"rendered":"https:\/\/icso.lukasiewicz.gov.pl\/?page_id=71648"},"modified":"2025-12-18T11:21:13","modified_gmt":"2025-12-18T10:21:13","slug":"deputy-director-for-financial-and-operational-affairs","status":"publish","type":"page","link":"https:\/\/icso.lukasiewicz.gov.pl\/en\/meet-us\/deputy-director-for-financial-and-operational-affairs\/","title":{"rendered":"Deputy Director for Financial and Operational Affairs"},"content":{"rendered":"\t\t<div data-elementor-type=\"wp-page\" data-elementor-id=\"71648\" class=\"elementor elementor-71648\" data-elementor-post-type=\"page\">\n\t\t\t\t<div class=\"elementor-element elementor-element-e5a1d59 e-flex e-con-boxed e-con e-parent\" data-id=\"e5a1d59\" data-element_type=\"container\" data-e-type=\"container\">\n\t\t\t\t\t<div class=\"e-con-inner\">\n\t\t\t\t<div class=\"elementor-element elementor-element-c08a2d1 elementor-widget elementor-widget-heading\" data-id=\"c08a2d1\" data-element_type=\"widget\" data-e-type=\"widget\" data-widget_type=\"heading.default\">\n\t\t\t\t<div class=\"elementor-widget-container\">\n\t\t\t\t\t<h2 class=\"elementor-heading-title elementor-size-default\">Deputy Director for Financial and Operational Affairs<\/h2>\t\t\t\t<\/div>\n\t\t\t\t<\/div>\n\t\t\t\t\t<\/div>\n\t\t\t\t<\/div>\n\t\t<div class=\"elementor-element elementor-element-1013be3 e-flex e-con-boxed e-con e-parent\" data-id=\"1013be3\" data-element_type=\"container\" data-e-type=\"container\">\n\t\t\t\t\t<div class=\"e-con-inner\">\n\t\t<div class=\"elementor-element elementor-element-35b293d e-con-full e-flex e-con e-child\" data-id=\"35b293d\" data-element_type=\"container\" data-e-type=\"container\">\n\t\t\t\t<div class=\"elementor-element elementor-element-2e98b61 elementor-widget elementor-widget-image\" data-id=\"2e98b61\" data-element_type=\"widget\" data-e-type=\"widget\" data-widget_type=\"image.default\">\n\t\t\t\t<div class=\"elementor-widget-container\">\n\t\t\t\t\t\t\t\t\t\t\t\t\t\t\t<img fetchpriority=\"high\" decoding=\"async\" width=\"300\" height=\"300\" src=\"https:\/\/icso.lukasiewicz.gov.pl\/wp-content\/uploads\/sites\/34\/2025\/12\/IMG_5567-2-300x300.jpg\" class=\"attachment-medium size-medium wp-image-71615\" alt=\"Fotografia - Jaros\u0142aw \u015awiderski\" srcset=\"https:\/\/icso.lukasiewicz.gov.pl\/wp-content\/uploads\/sites\/34\/2025\/12\/IMG_5567-2-300x300.jpg 300w, https:\/\/icso.lukasiewicz.gov.pl\/wp-content\/uploads\/sites\/34\/2025\/12\/IMG_5567-2-1024x1024.jpg 1024w, https:\/\/icso.lukasiewicz.gov.pl\/wp-content\/uploads\/sites\/34\/2025\/12\/IMG_5567-2-150x150.jpg 150w, https:\/\/icso.lukasiewicz.gov.pl\/wp-content\/uploads\/sites\/34\/2025\/12\/IMG_5567-2-768x768.jpg 768w, https:\/\/icso.lukasiewicz.gov.pl\/wp-content\/uploads\/sites\/34\/2025\/12\/IMG_5567-2-1536x1536.jpg 1536w, https:\/\/icso.lukasiewicz.gov.pl\/wp-content\/uploads\/sites\/34\/2025\/12\/IMG_5567-2-2048x2048.jpg 2048w, https:\/\/icso.lukasiewicz.gov.pl\/wp-content\/uploads\/sites\/34\/2025\/12\/IMG_5567-2-1000x1000.jpg 1000w, https:\/\/icso.lukasiewicz.gov.pl\/wp-content\/uploads\/sites\/34\/2025\/12\/IMG_5567-2-1200x1200.jpg 1200w, https:\/\/icso.lukasiewicz.gov.pl\/wp-content\/uploads\/sites\/34\/2025\/12\/IMG_5567-2-1980x1980.jpg 1980w, https:\/\/icso.lukasiewicz.gov.pl\/wp-content\/uploads\/sites\/34\/2025\/12\/IMG_5567-2-24x24.jpg 24w, https:\/\/icso.lukasiewicz.gov.pl\/wp-content\/uploads\/sites\/34\/2025\/12\/IMG_5567-2-36x36.jpg 36w, https:\/\/icso.lukasiewicz.gov.pl\/wp-content\/uploads\/sites\/34\/2025\/12\/IMG_5567-2-48x48.jpg 48w\" sizes=\"(max-width: 300px) 100vw, 300px\" \/>\t\t\t\t\t\t\t\t\t\t\t\t\t\t\t<\/div>\n\t\t\t\t<\/div>\n\t\t\t\t<div class=\"elementor-element elementor-element-ade33d6 elementor-widget elementor-widget-spacer\" data-id=\"ade33d6\" data-element_type=\"widget\" data-e-type=\"widget\" data-widget_type=\"spacer.default\">\n\t\t\t\t<div class=\"elementor-widget-container\">\n\t\t\t\t\t\t\t<div class=\"elementor-spacer\">\n\t\t\t<div class=\"elementor-spacer-inner\"><\/div>\n\t\t<\/div>\n\t\t\t\t\t\t<\/div>\n\t\t\t\t<\/div>\n\t\t\t\t<div class=\"elementor-element elementor-element-80158a0 elementor-widget elementor-widget-text-editor\" data-id=\"80158a0\" data-element_type=\"widget\" data-e-type=\"widget\" data-widget_type=\"text-editor.default\">\n\t\t\t\t<div class=\"elementor-widget-container\">\n\t\t\t\t\t\t\t\t\t<h4>Contact<\/h4><p>tel.: 77 487 34 40<br \/>e-mail: <a href=\"mailto:jolanta.ilowska@icso.lukasiewicz.gov.pl\">jaroslaw.swiderski@icso.lukasiewicz.gov.pl<\/a><\/p>\t\t\t\t\t\t\t\t<\/div>\n\t\t\t\t<\/div>\n\t\t\t\t<\/div>\n\t\t<div class=\"elementor-element elementor-element-bf45292 e-con-full e-flex e-con e-child\" data-id=\"bf45292\" data-element_type=\"container\" data-e-type=\"container\">\n\t\t\t\t<div class=\"elementor-element elementor-element-46e3b8f elementor-widget elementor-widget-heading\" data-id=\"46e3b8f\" data-element_type=\"widget\" data-e-type=\"widget\" data-widget_type=\"heading.default\">\n\t\t\t\t<div class=\"elementor-widget-container\">\n\t\t\t\t\t<h3 class=\"elementor-heading-title elementor-size-default\">Jaros\u0142aw \u015awiderski, M.Sc. Eng. <\/h3>\t\t\t\t<\/div>\n\t\t\t\t<\/div>\n\t\t\t\t<div class=\"elementor-element elementor-element-040fd3f elementor-widget elementor-widget-text-editor\" data-id=\"040fd3f\" data-element_type=\"widget\" data-e-type=\"widget\" data-widget_type=\"text-editor.default\">\n\t\t\t\t<div class=\"elementor-widget-container\">\n\t\t\t\t\t\t\t\t\t<p>Jaros\u0142aw \u015awiderski, M.Sc. Eng.,\u00a0graduated in 1995 from the Wroc\u0142aw University of Economics with a degree in Economics and Organization of the Chemical Industry, and later, in 2021, completed postgraduate studies in Master of Business Administration at WSB University.<\/p><p>He gained professional experience, among others, as Head of the Strategy, Development and Promotion Department at the K\u0119dzierzyn-Ko\u017ale City Hall, Economic Director at Municipal Water and Sewage Company in K\u0119dzierzyn-Ko\u017ale Ltd., Head of the Accounting Department and Chief Accountant at the Opole Regional Branch of the National Health Fund, as well as President of the Management Board of Zak\u0142ad Komunalny G\u0142og\u00f3wek Ltd. He participated in the implementation of numerous projects, including PHARE, World Bank, ISPA, Cohesion Fund, Regional Operational Program, and Sectoral Programs. Since 2012 has also cooperated with the K\u0119dzierzyn-Ko\u017ale Industrial Park. He has served or continues to serve on Supervisory Boards of JS Consulting Ltd., PTOB TOBUD Ltd., and PKS G\u0142ubczyce Ltd.<\/p><p>He started working at \u0141ukasiewicz \u2013 ICSO \u201cBlachownia\u201d on December 1, 2025, as Deputy Director for Financial and Operational Affairs.<\/p>\t\t\t\t\t\t\t\t<\/div>\n\t\t\t\t<\/div>\n\t\t\t\t<\/div>\n\t\t\t\t\t<\/div>\n\t\t\t\t<\/div>\n\t\t\t\t<\/div>\n\t\t","protected":false},"excerpt":{"rendered":"<p>Deputy Director for Financial and Operational Affairs Contact tel.: 77 487 34 40e-mail: jaroslaw.swiderski@icso.lukasiewicz.gov.pl Jaros\u0142aw \u015awiderski, M.Sc. Eng. Jaros\u0142aw \u015awiderski, M.Sc. Eng.,\u00a0graduated in 1995 from the Wroc\u0142aw University of Economics with a degree in Economics and Organization of the Chemical Industry, and later, in 2021, completed postgraduate studies in Master of Business Administration at WSB [&hellip;]<\/p>\n","protected":false},"author":232,"featured_media":0,"parent":69309,"menu_order":0,"comment_status":"closed","ping_status":"closed","template":"","meta":{"_acf_changed":false,"_seopress_robots_primary_cat":"","_seopress_titles_title":"Deputy Director for Financial and Operational Affairs","_seopress_titles_desc":"","_seopress_robots_index":"","inline_featured_image":false,"footnotes":""},"class_list":["post-71648","page","type-page","status-publish","hentry"],"acf":[],"publishpress_future_action":{"enabled":false,"date":"2026-04-13 09:46:10","action":"change-status","newStatus":"draft","terms":[],"taxonomy":"translation_priority","extraData":[]},"publishpress_future_workflow_manual_trigger":{"enabledWorkflows":[]},"_links":{"self":[{"href":"https:\/\/icso.lukasiewicz.gov.pl\/en\/wp-json\/wp\/v2\/pages\/71648","targetHints":{"allow":["GET"]}}],"collection":[{"href":"https:\/\/icso.lukasiewicz.gov.pl\/en\/wp-json\/wp\/v2\/pages"}],"about":[{"href":"https:\/\/icso.lukasiewicz.gov.pl\/en\/wp-json\/wp\/v2\/types\/page"}],"author":[{"embeddable":true,"href":"https:\/\/icso.lukasiewicz.gov.pl\/en\/wp-json\/wp\/v2\/users\/232"}],"replies":[{"embeddable":true,"href":"https:\/\/icso.lukasiewicz.gov.pl\/en\/wp-json\/wp\/v2\/comments?post=71648"}],"version-history":[{"count":5,"href":"https:\/\/icso.lukasiewicz.gov.pl\/en\/wp-json\/wp\/v2\/pages\/71648\/revisions"}],"predecessor-version":[{"id":71673,"href":"https:\/\/icso.lukasiewicz.gov.pl\/en\/wp-json\/wp\/v2\/pages\/71648\/revisions\/71673"}],"up":[{"embeddable":true,"href":"https:\/\/icso.lukasiewicz.gov.pl\/en\/wp-json\/wp\/v2\/pages\/69309"}],"wp:attachment":[{"href":"https:\/\/icso.lukasiewicz.gov.pl\/en\/wp-json\/wp\/v2\/media?parent=71648"}],"curies":[{"name":"wp","href":"https:\/\/api.w.org\/{rel}","templated":true}]}}