{"id":70651,"date":"2025-04-07T08:57:16","date_gmt":"2025-04-07T06:57:16","guid":{"rendered":"https:\/\/icso.lukasiewicz.gov.pl\/international-projects\/advanced-biobased-polyurethanes-and-fibres-for-the-automotive-industry-with-increased-environmental-sustainability\/"},"modified":"2025-08-12T10:10:56","modified_gmt":"2025-08-12T08:10:56","slug":"advanced-biobased-polyurethanes-and-fibres-for-the-automotive-industry-with-increased-environmental-sustainability","status":"publish","type":"page","link":"https:\/\/icso.lukasiewicz.gov.pl\/en\/international-projects\/advanced-biobased-polyurethanes-and-fibres-for-the-automotive-industry-with-increased-environmental-sustainability\/","title":{"rendered":"Advanced BIObased polyurethanes and fibres for the autoMOTIVE industry with increased environmental sustainability"},"content":{"rendered":"\t\t<div data-elementor-type=\"wp-page\" data-elementor-id=\"70651\" class=\"elementor elementor-70651 elementor-68379\" data-elementor-post-type=\"page\">\n\t\t\t\t<div class=\"elementor-element elementor-element-e75fc29 e-flex e-con-boxed e-con e-parent\" data-id=\"e75fc29\" data-element_type=\"container\" data-e-type=\"container\">\n\t\t\t\t\t<div class=\"e-con-inner\">\n\t\t\t\t<div class=\"elementor-element elementor-element-779f8a0 elementor-widget elementor-widget-heading\" data-id=\"779f8a0\" data-element_type=\"widget\" data-e-type=\"widget\" data-widget_type=\"heading.default\">\n\t\t\t\t<div class=\"elementor-widget-container\">\n\t\t\t\t\t<h1 class=\"elementor-heading-title elementor-size-default\">Advanced BIObased polyurethanes and fibres for the autoMOTIVE industry with increased environmental sustainability<\/h1>\t\t\t\t<\/div>\n\t\t\t\t<\/div>\n\t\t\t\t\t<\/div>\n\t\t\t\t<\/div>\n\t\t<div class=\"elementor-element elementor-element-23e122b e-flex e-con-boxed e-con e-parent\" data-id=\"23e122b\" data-element_type=\"container\" data-e-type=\"container\">\n\t\t\t\t\t<div class=\"e-con-inner\">\n\t\t<div class=\"elementor-element elementor-element-f35a288 e-con-full e-flex e-con e-child\" data-id=\"f35a288\" data-element_type=\"container\" data-e-type=\"container\" data-settings=\"{&quot;background_background&quot;:&quot;classic&quot;}\">\n\t\t\t\t<div class=\"elementor-element elementor-element-b84167b elementor-widget elementor-widget-image\" data-id=\"b84167b\" data-element_type=\"widget\" data-e-type=\"widget\" data-widget_type=\"image.default\">\n\t\t\t\t<div class=\"elementor-widget-container\">\n\t\t\t\t\t\t\t\t\t\t\t\t\t\t\t<img fetchpriority=\"high\" decoding=\"async\" width=\"1356\" height=\"307\" src=\"https:\/\/icso.lukasiewicz.gov.pl\/wp-content\/uploads\/sites\/34\/2025\/04\/biobased-automotive.png\" class=\"attachment-full size-full wp-image-68389\" alt=\"\" srcset=\"https:\/\/icso.lukasiewicz.gov.pl\/wp-content\/uploads\/sites\/34\/2025\/04\/biobased-automotive.png 1356w, https:\/\/icso.lukasiewicz.gov.pl\/wp-content\/uploads\/sites\/34\/2025\/04\/biobased-automotive-300x68.png 300w, https:\/\/icso.lukasiewicz.gov.pl\/wp-content\/uploads\/sites\/34\/2025\/04\/biobased-automotive-1024x232.png 1024w, https:\/\/icso.lukasiewicz.gov.pl\/wp-content\/uploads\/sites\/34\/2025\/04\/biobased-automotive-768x174.png 768w, https:\/\/icso.lukasiewicz.gov.pl\/wp-content\/uploads\/sites\/34\/2025\/04\/biobased-automotive-1200x272.png 1200w, https:\/\/icso.lukasiewicz.gov.pl\/wp-content\/uploads\/sites\/34\/2025\/04\/biobased-automotive-24x5.png 24w, https:\/\/icso.lukasiewicz.gov.pl\/wp-content\/uploads\/sites\/34\/2025\/04\/biobased-automotive-36x8.png 36w, https:\/\/icso.lukasiewicz.gov.pl\/wp-content\/uploads\/sites\/34\/2025\/04\/biobased-automotive-48x11.png 48w\" sizes=\"(max-width: 1356px) 100vw, 1356px\" \/>\t\t\t\t\t\t\t\t\t\t\t\t\t\t\t<\/div>\n\t\t\t\t<\/div>\n\t\t\t\t<div class=\"elementor-element elementor-element-44c40e1 elementor-widget elementor-widget-text-editor\" data-id=\"44c40e1\" data-element_type=\"widget\" data-e-type=\"widget\" data-widget_type=\"text-editor.default\">\n\t\t\t\t<div class=\"elementor-widget-container\">\n\t\t\t\t\t\t\t\t\t<p>Bio Based Industries Joint Undertaking under the European Union\u2019s<br>Horizon 2020 research and innovation programme<\/p><p>Project Acronyme: BIOMOTIVE<\/p><p>Project Partners:<\/p><p>SELENA LABS Sp. z o.o. (Poland) \u2013 project coordinator<br>Maier Scoop (Spain)<br>Mets\u00e4 Fibre Oy (Finland)<br>Novamont Spa (Italy)<br>Thuringisches Institut Fur Textil-Und Kunststoffforschung Rudolstadtev (Germany)<br>Sie\u0107 Badawcza \u0141ukasiewicz &#8211; Instytut Ci\u0119\u017ckiej Syntezy Organicznej &#8220;Blachownia&#8221; (Poland)<br>Nadir Srl (Italy)<br>E-Office7 Sp. z o.o. (Poland)<br>Leda Polymer Sp. z o.o. (Poland)<br>I.S.C. Ro Technology Srl (Romania)<br>Intap Tobik Sp\u00f3\u0142ka Jawna (Poland)<br>Universit\u00e0 Di Pisa (Italy)<br>Patentopolis Bv (Netherlands)<br>Fundacion Cartif (Spain)<br>Uitp &#8211; Union Internationale Des Transports Publics (Belgium)<br>Rina Services Spa (Italy)   <\/p><p>Action: Innovation Action &#8211; Demonstration<\/p><p>Value Chain: Across VCs<\/p><p>Start date: 01.06.2017<\/p><p>End date: 31.05.2021<\/p><p>BBI JU contribution: \u20ac 10,659,352.50<\/p><h2>Project aim:<\/h2><p>The BIOMOTIVE project aims to demonstrate, in relevant industrial environments, the production of innovative and advanced bio-based materials (i.e. thermoplastic polyurathanes, 2-k thermoset polyurethane foams and regenerated natural fibres) specifically for the automotive industry. The improved performance of these materials within the automotive sector, will allow massive penetration of biobased polyurethanes and regenerated fibres into additional \u201clarge volume\u201d markets. <\/p>\t\t\t\t\t\t\t\t<\/div>\n\t\t\t\t<\/div>\n\t\t\t\t<div class=\"elementor-element elementor-element-968d27d elementor-widget elementor-widget-image\" data-id=\"968d27d\" data-element_type=\"widget\" data-e-type=\"widget\" data-widget_type=\"image.default\">\n\t\t\t\t<div class=\"elementor-widget-container\">\n\t\t\t\t\t\t\t\t\t\t\t\t\t\t\t<img decoding=\"async\" width=\"322\" height=\"130\" src=\"https:\/\/icso.lukasiewicz.gov.pl\/wp-content\/uploads\/sites\/34\/2025\/04\/biomotive-car.png\" class=\"attachment-large size-large wp-image-68395\" alt=\"\" srcset=\"https:\/\/icso.lukasiewicz.gov.pl\/wp-content\/uploads\/sites\/34\/2025\/04\/biomotive-car.png 322w, https:\/\/icso.lukasiewicz.gov.pl\/wp-content\/uploads\/sites\/34\/2025\/04\/biomotive-car-300x121.png 300w, https:\/\/icso.lukasiewicz.gov.pl\/wp-content\/uploads\/sites\/34\/2025\/04\/biomotive-car-24x10.png 24w, https:\/\/icso.lukasiewicz.gov.pl\/wp-content\/uploads\/sites\/34\/2025\/04\/biomotive-car-36x15.png 36w, https:\/\/icso.lukasiewicz.gov.pl\/wp-content\/uploads\/sites\/34\/2025\/04\/biomotive-car-48x19.png 48w\" sizes=\"(max-width: 322px) 100vw, 322px\" \/>\t\t\t\t\t\t\t\t\t\t\t\t\t\t\t<\/div>\n\t\t\t\t<\/div>\n\t\t\t\t<\/div>\n\t\t<div class=\"elementor-element elementor-element-a1a66eb e-grid e-con-boxed e-con e-child\" data-id=\"a1a66eb\" data-element_type=\"container\" data-e-type=\"container\">\n\t\t\t\t\t<div class=\"e-con-inner\">\n\t\t\t\t<div class=\"elementor-element elementor-element-66e40d0 elementor-widget elementor-widget-text-editor\" data-id=\"66e40d0\" data-element_type=\"widget\" data-e-type=\"widget\" data-widget_type=\"text-editor.default\">\n\t\t\t\t<div class=\"elementor-widget-container\">\n\t\t\t\t\t\t\t\t\t<p><strong>ICSO&#8217;s Task Manager:<\/strong><br>Damian Kie\u0142kiewicz, PhD<\/p><p>tel.: +48 77 487 33 61<br>mob.: +48 664 718 940<br>e-mail: damian.kielkiewicz@icso.lukasiewicz.gov.pl<\/p>\t\t\t\t\t\t\t\t<\/div>\n\t\t\t\t<\/div>\n\t\t\t\t<div class=\"elementor-element elementor-element-48780db elementor-widget elementor-widget-text-editor\" data-id=\"48780db\" data-element_type=\"widget\" data-e-type=\"widget\" data-widget_type=\"text-editor.default\">\n\t\t\t\t<div class=\"elementor-widget-container\">\n\t\t\t\t\t\t\t\t\t<p><strong>Contact person (ICSO):<\/strong><br>Emanuela Pawliczek<\/p><p>phone + 48 77 487 35 40<\/p><p>e-mail: emanuela.pawliczek@icso.lukasiewicz.gov.pl<\/p>\t\t\t\t\t\t\t\t<\/div>\n\t\t\t\t<\/div>\n\t\t\t\t\t<\/div>\n\t\t\t\t<\/div>\n\t\t\t\t\t<\/div>\n\t\t\t\t<\/div>\n\t\t\t\t<\/div>\n\t\t","protected":false},"excerpt":{"rendered":"<p>Advanced BIObased polyurethanes and fibres for the autoMOTIVE industry with increased environmental sustainability Bio Based Industries Joint Undertaking under the European Union\u2019sHorizon 2020 research and innovation programme Project Acronyme: BIOMOTIVE Project Partners: SELENA LABS Sp. z o.o. (Poland) \u2013 project coordinatorMaier Scoop (Spain)Mets\u00e4 Fibre Oy (Finland)Novamont Spa (Italy)Thuringisches Institut Fur Textil-Und Kunststoffforschung Rudolstadtev (Germany)Sie\u0107 Badawcza [&hellip;]<\/p>\n","protected":false},"author":228,"featured_media":0,"parent":70257,"menu_order":0,"comment_status":"closed","ping_status":"closed","template":"","meta":{"_acf_changed":false,"_seopress_robots_primary_cat":"","_seopress_titles_title":"","_seopress_titles_desc":"","_seopress_robots_index":"","inline_featured_image":false,"footnotes":""},"class_list":["post-70651","page","type-page","status-publish","hentry"],"acf":[],"publishpress_future_action":{"enabled":false,"date":"2026-04-13 15:11:23","action":"change-status","newStatus":"draft","terms":[],"taxonomy":"translation_priority","extraData":[]},"publishpress_future_workflow_manual_trigger":{"enabledWorkflows":[]},"_links":{"self":[{"href":"https:\/\/icso.lukasiewicz.gov.pl\/en\/wp-json\/wp\/v2\/pages\/70651","targetHints":{"allow":["GET"]}}],"collection":[{"href":"https:\/\/icso.lukasiewicz.gov.pl\/en\/wp-json\/wp\/v2\/pages"}],"about":[{"href":"https:\/\/icso.lukasiewicz.gov.pl\/en\/wp-json\/wp\/v2\/types\/page"}],"author":[{"embeddable":true,"href":"https:\/\/icso.lukasiewicz.gov.pl\/en\/wp-json\/wp\/v2\/users\/228"}],"replies":[{"embeddable":true,"href":"https:\/\/icso.lukasiewicz.gov.pl\/en\/wp-json\/wp\/v2\/comments?post=70651"}],"version-history":[{"count":2,"href":"https:\/\/icso.lukasiewicz.gov.pl\/en\/wp-json\/wp\/v2\/pages\/70651\/revisions"}],"predecessor-version":[{"id":70656,"href":"https:\/\/icso.lukasiewicz.gov.pl\/en\/wp-json\/wp\/v2\/pages\/70651\/revisions\/70656"}],"up":[{"embeddable":true,"href":"https:\/\/icso.lukasiewicz.gov.pl\/en\/wp-json\/wp\/v2\/pages\/70257"}],"wp:attachment":[{"href":"https:\/\/icso.lukasiewicz.gov.pl\/en\/wp-json\/wp\/v2\/media?parent=70651"}],"curies":[{"name":"wp","href":"https:\/\/api.w.org\/{rel}","templated":true}]}}