{"id":70524,"date":"2025-03-19T07:09:18","date_gmt":"2025-03-19T06:09:18","guid":{"rendered":"https:\/\/icso.lukasiewicz.gov.pl\/european-funds\/regeneration-of-used-industrial-oils-with-new-unit-processess\/"},"modified":"2025-08-11T10:33:58","modified_gmt":"2025-08-11T08:33:58","slug":"regeneration-of-used-industrial-oils-with-new-unit-processess","status":"publish","type":"page","link":"https:\/\/icso.lukasiewicz.gov.pl\/en\/european-funds\/regeneration-of-used-industrial-oils-with-new-unit-processess\/","title":{"rendered":"Regeneration of used industrial oils with new unit processess"},"content":{"rendered":"\t\t<div data-elementor-type=\"wp-page\" data-elementor-id=\"70524\" class=\"elementor elementor-70524 elementor-67683\" data-elementor-post-type=\"page\">\n\t\t\t\t<div class=\"elementor-element elementor-element-f3ae62c e-flex e-con-boxed e-con e-parent\" data-id=\"f3ae62c\" data-element_type=\"container\" data-e-type=\"container\">\n\t\t\t\t\t<div class=\"e-con-inner\">\n\t\t\t\t<div class=\"elementor-element elementor-element-da637bc elementor-widget elementor-widget-heading\" data-id=\"da637bc\" data-element_type=\"widget\" data-e-type=\"widget\" data-widget_type=\"heading.default\">\n\t\t\t\t<div class=\"elementor-widget-container\">\n\t\t\t\t\t<h1 class=\"elementor-heading-title elementor-size-default\">Regeneration of used industrial oils with new unit processess<\/h1>\t\t\t\t<\/div>\n\t\t\t\t<\/div>\n\t\t\t\t\t<\/div>\n\t\t\t\t<\/div>\n\t\t<div class=\"elementor-element elementor-element-5b7d187 e-flex e-con-boxed e-con e-parent\" data-id=\"5b7d187\" data-element_type=\"container\" data-e-type=\"container\">\n\t\t\t\t\t<div class=\"e-con-inner\">\n\t\t<div class=\"elementor-element elementor-element-933919a e-con-full e-flex e-con e-child\" data-id=\"933919a\" data-element_type=\"container\" data-e-type=\"container\">\n\t\t<div class=\"elementor-element elementor-element-79475b6 e-con-full e-flex e-con e-child\" data-id=\"79475b6\" data-element_type=\"container\" data-e-type=\"container\" data-settings=\"{&quot;background_background&quot;:&quot;classic&quot;}\">\n\t\t\t\t<div class=\"elementor-element elementor-element-ed91b00 elementor-widget elementor-widget-image\" data-id=\"ed91b00\" data-element_type=\"widget\" data-e-type=\"widget\" data-widget_type=\"image.default\">\n\t\t\t\t<div class=\"elementor-widget-container\">\n\t\t\t\t\t\t\t\t\t\t\t\t\t\t\t<img fetchpriority=\"high\" decoding=\"async\" width=\"898\" height=\"87\" src=\"https:\/\/icso.lukasiewicz.gov.pl\/wp-content\/uploads\/sites\/34\/2025\/03\/inteligenty-rozwoj.png\" class=\"attachment-full size-full wp-image-67848\" alt=\"\" srcset=\"https:\/\/icso.lukasiewicz.gov.pl\/wp-content\/uploads\/sites\/34\/2025\/03\/inteligenty-rozwoj.png 898w, https:\/\/icso.lukasiewicz.gov.pl\/wp-content\/uploads\/sites\/34\/2025\/03\/inteligenty-rozwoj-300x29.png 300w, https:\/\/icso.lukasiewicz.gov.pl\/wp-content\/uploads\/sites\/34\/2025\/03\/inteligenty-rozwoj-768x74.png 768w, https:\/\/icso.lukasiewicz.gov.pl\/wp-content\/uploads\/sites\/34\/2025\/03\/inteligenty-rozwoj-24x2.png 24w, https:\/\/icso.lukasiewicz.gov.pl\/wp-content\/uploads\/sites\/34\/2025\/03\/inteligenty-rozwoj-36x3.png 36w, https:\/\/icso.lukasiewicz.gov.pl\/wp-content\/uploads\/sites\/34\/2025\/03\/inteligenty-rozwoj-48x5.png 48w\" sizes=\"(max-width: 898px) 100vw, 898px\" \/>\t\t\t\t\t\t\t\t\t\t\t\t\t\t\t<\/div>\n\t\t\t\t<\/div>\n\t\t\t\t<div class=\"elementor-element elementor-element-1b39211 elementor-widget elementor-widget-text-editor\" data-id=\"1b39211\" data-element_type=\"widget\" data-e-type=\"widget\" data-widget_type=\"text-editor.default\">\n\t\t\t\t<div class=\"elementor-widget-container\">\n\t\t\t\t\t\t\t\t\t<p>PROJECT CO-FINANCED BY THE EUROPEAN UNION FROM THE EUROPEAN REGIONAL DEVELOPMENT FUND within the Smart Growth Operational Programme 2014-2020, priority IV &#8220;Increasing the scientific-research potential&#8221;, Action 4.1 &#8220;Scientific research adn development works&#8221;, Subaction 4.1.4 &#8220;Application projects&#8221;   <\/p><p>Implementing authority: National Centre for Research and Development<\/p><p>Project partners:<\/p><ul><li>Sie\u0107 Badawcza \u0141ukasiewicz &#8211; Instytut Ci\u0119\u017ckiej Syntezy Organicznej &#8220;Blachownia&#8221; \u2013 consortium leader<\/li><li>Ekomax Sp. z o.o. <\/li><\/ul><p>Funding agreement no: POIR.04.01.04-00-0051\/16<\/p><p>Project value: 2 582 678,05 z\u0142<\/p><p>Funding amount: 1 802 175,79 z\u0142<\/p><p>Implementation period: 01.06.2017 &#8211; 31.05.2019<\/p><h3>Project aim:<\/h3><p>Re-refining is a priority manner of management of used industrial oils. Implementation of the effective methods of chemical regeneration, such as hydrorefining or \u201cacid-clay\u201d, is unprofitable in the Upper Silesia local market. On the other hand, physical refining is less energy consuming and generates less wastes, but leads to a base oil of lower quality. As a result of extraction with flammable and volatile solvents, it is possible to receive oil of better parameters. Ionic liquids treatment is an alternative to organic solvent extraction.    <\/p><p>Within the proposed project the research will be conducted on new technology conception of re-refining of used industrial oils by the energy-efficient method, based on demulsification and sorption processes. The chemically activated sorbents, by immobilization of ionic liquids on surface of silica, diatomite and others, combine the properties of conventional sorbents and advantages of ionic liquids. It is expected, that application of modified sorbents will enable to develop used oil regeneration technology based on only low pressure and low energy consuming unit processes. The goal of proposed project is the multi-option technology of re-refining of used industrial oils of various origin, towards valuable base oils, including separating the stream of pre-regenerated oil for selected applications. The unit processes will be compiled to form a part of an existing plant in Ekomax Gliwice.    <\/p>\t\t\t\t\t\t\t\t<\/div>\n\t\t\t\t<\/div>\n\t\t\t\t<\/div>\n\t\t\t\t<\/div>\n\t\t\t\t<div class=\"elementor-element elementor-element-73bb990 elementor-widget elementor-widget-heading\" data-id=\"73bb990\" data-element_type=\"widget\" data-e-type=\"widget\" data-widget_type=\"heading.default\">\n\t\t\t\t<div class=\"elementor-widget-container\">\n\t\t\t\t\t<h3 class=\"elementor-heading-title elementor-size-default\">Contact<\/h3>\t\t\t\t<\/div>\n\t\t\t\t<\/div>\n\t\t<div class=\"elementor-element elementor-element-637b5e1 e-grid e-con-boxed e-con e-child\" data-id=\"637b5e1\" data-element_type=\"container\" data-e-type=\"container\" data-settings=\"{&quot;background_background&quot;:&quot;classic&quot;}\">\n\t\t\t\t\t<div class=\"e-con-inner\">\n\t\t\t\t<div class=\"elementor-element elementor-element-65129ce elementor-widget elementor-widget-text-editor\" data-id=\"65129ce\" data-element_type=\"widget\" data-e-type=\"widget\" data-widget_type=\"text-editor.default\">\n\t\t\t\t<div class=\"elementor-widget-container\">\n\t\t\t\t\t\t\t\t\t<p><strong>Project manager:<\/strong><\/p><p>Jolanta I\u0142owska, PhD Eng.  <br><span style=\"letter-spacing: 0.2px;text-align: var(--text-align);background-color: var(--celuk-light, #f5f6f7)\">tel. +48 77 4873197<br><\/span><span style=\"letter-spacing: 0.2px;text-align: var(--text-align);background-color: var(--celuk-light, #f5f6f7)\">fax +48 77 4873060<br><\/span><span style=\"letter-spacing: 0.2px;text-align: var(--text-align);background-color: var(--celuk-light, #f5f6f7)\">e-mail: jolanta.ilowska@icso.lukasiewicz.gov.pl<\/span><\/p>\t\t\t\t\t\t\t\t<\/div>\n\t\t\t\t<\/div>\n\t\t\t\t<div class=\"elementor-element elementor-element-f6f6a7e elementor-widget elementor-widget-text-editor\" data-id=\"f6f6a7e\" data-element_type=\"widget\" data-e-type=\"widget\" data-widget_type=\"text-editor.default\">\n\t\t\t\t<div class=\"elementor-widget-container\">\n\t\t\t\t\t\t\t\t\t<p><strong>Contact person:<\/strong><\/p><p>Katarzyna Kardasz<br>tel. + 48 77 4873240<br>fax +48 77 4873260<br>e-mail: katarzyna.kardasz@icso.lukasiewicz.gov.pl<\/p>\t\t\t\t\t\t\t\t<\/div>\n\t\t\t\t<\/div>\n\t\t\t\t\t<\/div>\n\t\t\t\t<\/div>\n\t\t\t\t\t<\/div>\n\t\t\t\t<\/div>\n\t\t\t\t<\/div>\n\t\t","protected":false},"excerpt":{"rendered":"<p>Regeneration of used industrial oils with new unit processess PROJECT CO-FINANCED BY THE EUROPEAN UNION FROM THE EUROPEAN REGIONAL DEVELOPMENT FUND within the Smart Growth Operational Programme 2014-2020, priority IV &#8220;Increasing the scientific-research potential&#8221;, Action 4.1 &#8220;Scientific research adn development works&#8221;, Subaction 4.1.4 &#8220;Application projects&#8221; Implementing authority: National Centre for Research and Development Project partners: [&hellip;]<\/p>\n","protected":false},"author":228,"featured_media":0,"parent":70261,"menu_order":0,"comment_status":"closed","ping_status":"closed","template":"","meta":{"_acf_changed":false,"_seopress_robots_primary_cat":"","_seopress_titles_title":"","_seopress_titles_desc":"","_seopress_robots_index":"","inline_featured_image":false,"footnotes":""},"class_list":["post-70524","page","type-page","status-publish","hentry"],"acf":[],"publishpress_future_action":{"enabled":false,"date":"2026-04-13 15:08:36","action":"change-status","newStatus":"draft","terms":[],"taxonomy":"translation_priority","extraData":[]},"publishpress_future_workflow_manual_trigger":{"enabledWorkflows":[]},"_links":{"self":[{"href":"https:\/\/icso.lukasiewicz.gov.pl\/en\/wp-json\/wp\/v2\/pages\/70524","targetHints":{"allow":["GET"]}}],"collection":[{"href":"https:\/\/icso.lukasiewicz.gov.pl\/en\/wp-json\/wp\/v2\/pages"}],"about":[{"href":"https:\/\/icso.lukasiewicz.gov.pl\/en\/wp-json\/wp\/v2\/types\/page"}],"author":[{"embeddable":true,"href":"https:\/\/icso.lukasiewicz.gov.pl\/en\/wp-json\/wp\/v2\/users\/228"}],"replies":[{"embeddable":true,"href":"https:\/\/icso.lukasiewicz.gov.pl\/en\/wp-json\/wp\/v2\/comments?post=70524"}],"version-history":[{"count":2,"href":"https:\/\/icso.lukasiewicz.gov.pl\/en\/wp-json\/wp\/v2\/pages\/70524\/revisions"}],"predecessor-version":[{"id":70526,"href":"https:\/\/icso.lukasiewicz.gov.pl\/en\/wp-json\/wp\/v2\/pages\/70524\/revisions\/70526"}],"up":[{"embeddable":true,"href":"https:\/\/icso.lukasiewicz.gov.pl\/en\/wp-json\/wp\/v2\/pages\/70261"}],"wp:attachment":[{"href":"https:\/\/icso.lukasiewicz.gov.pl\/en\/wp-json\/wp\/v2\/media?parent=70524"}],"curies":[{"name":"wp","href":"https:\/\/api.w.org\/{rel}","templated":true}]}}