{"id":70510,"date":"2025-03-18T14:46:26","date_gmt":"2025-03-18T13:46:26","guid":{"rendered":"https:\/\/icso.lukasiewicz.gov.pl\/european-funds\/a-process-for-the-production-of-polyphenylene-sulfide-polymer-with-superior-mechanical-properties-and-high-thermal-stability\/"},"modified":"2025-08-11T10:00:52","modified_gmt":"2025-08-11T08:00:52","slug":"a-process-for-the-production-of-polyphenylene-sulfide-polymer-with-superior-mechanical-properties-and-high-thermal-stability","status":"publish","type":"page","link":"https:\/\/icso.lukasiewicz.gov.pl\/en\/european-funds\/a-process-for-the-production-of-polyphenylene-sulfide-polymer-with-superior-mechanical-properties-and-high-thermal-stability\/","title":{"rendered":"A process for the production of poly(phenylene sulfide) &#8211; polymer with superior mechanical properties and high thermal stability"},"content":{"rendered":"\t\t<div data-elementor-type=\"wp-page\" data-elementor-id=\"70510\" class=\"elementor elementor-70510 elementor-67661\" data-elementor-post-type=\"page\">\n\t\t\t\t<div class=\"elementor-element elementor-element-51b2983 e-flex e-con-boxed e-con e-parent\" data-id=\"51b2983\" data-element_type=\"container\" data-e-type=\"container\">\n\t\t\t\t\t<div class=\"e-con-inner\">\n\t\t\t\t<div class=\"elementor-element elementor-element-5a25d88 elementor-widget elementor-widget-heading\" data-id=\"5a25d88\" data-element_type=\"widget\" data-e-type=\"widget\" data-widget_type=\"heading.default\">\n\t\t\t\t<div class=\"elementor-widget-container\">\n\t\t\t\t\t<h1 class=\"elementor-heading-title elementor-size-default\">A process for the production of poly(phenylene sulfide) - polymer with superior mechanical properties and high thermal stability<\/h1>\t\t\t\t<\/div>\n\t\t\t\t<\/div>\n\t\t\t\t\t<\/div>\n\t\t\t\t<\/div>\n\t\t<div class=\"elementor-element elementor-element-14a2c03 e-flex e-con-boxed e-con e-parent\" data-id=\"14a2c03\" data-element_type=\"container\" data-e-type=\"container\">\n\t\t\t\t\t<div class=\"e-con-inner\">\n\t\t<div class=\"elementor-element elementor-element-d61ae18 e-con-full e-flex e-con e-child\" data-id=\"d61ae18\" data-element_type=\"container\" data-e-type=\"container\">\n\t\t<div class=\"elementor-element elementor-element-84c7628 e-con-full e-flex e-con e-child\" data-id=\"84c7628\" data-element_type=\"container\" data-e-type=\"container\" data-settings=\"{&quot;background_background&quot;:&quot;classic&quot;}\">\n\t\t\t\t<div class=\"elementor-element elementor-element-8ad5bbb elementor-widget elementor-widget-image\" data-id=\"8ad5bbb\" data-element_type=\"widget\" data-e-type=\"widget\" data-widget_type=\"image.default\">\n\t\t\t\t<div class=\"elementor-widget-container\">\n\t\t\t\t\t\t\t\t\t\t\t\t\t\t\t<img fetchpriority=\"high\" decoding=\"async\" width=\"898\" height=\"87\" src=\"https:\/\/icso.lukasiewicz.gov.pl\/wp-content\/uploads\/sites\/34\/2025\/03\/inteligenty-rozwoj.png\" class=\"attachment-full size-full wp-image-67848\" alt=\"\" srcset=\"https:\/\/icso.lukasiewicz.gov.pl\/wp-content\/uploads\/sites\/34\/2025\/03\/inteligenty-rozwoj.png 898w, https:\/\/icso.lukasiewicz.gov.pl\/wp-content\/uploads\/sites\/34\/2025\/03\/inteligenty-rozwoj-300x29.png 300w, https:\/\/icso.lukasiewicz.gov.pl\/wp-content\/uploads\/sites\/34\/2025\/03\/inteligenty-rozwoj-768x74.png 768w, https:\/\/icso.lukasiewicz.gov.pl\/wp-content\/uploads\/sites\/34\/2025\/03\/inteligenty-rozwoj-24x2.png 24w, https:\/\/icso.lukasiewicz.gov.pl\/wp-content\/uploads\/sites\/34\/2025\/03\/inteligenty-rozwoj-36x3.png 36w, https:\/\/icso.lukasiewicz.gov.pl\/wp-content\/uploads\/sites\/34\/2025\/03\/inteligenty-rozwoj-48x5.png 48w\" sizes=\"(max-width: 898px) 100vw, 898px\" \/>\t\t\t\t\t\t\t\t\t\t\t\t\t\t\t<\/div>\n\t\t\t\t<\/div>\n\t\t\t\t<div class=\"elementor-element elementor-element-89121f0 elementor-widget elementor-widget-text-editor\" data-id=\"89121f0\" data-element_type=\"widget\" data-e-type=\"widget\" data-widget_type=\"text-editor.default\">\n\t\t\t\t<div class=\"elementor-widget-container\">\n\t\t\t\t\t\t\t\t\t<p>&#8220;PROJECT CO-FINANCED BY THE EUROPEAN UNION FROM THE EUROPEAN REGIONAL DEVELOPMENT FUND within the Smart Growth Operational Programme 2014-2020<br>Action 1.2: R&amp;D Sector Programmes &#8221; <\/p><p>Implementing authority: National Centre for Research and Development<\/p><p>Beneficiary name: Grupa Azoty Kopalnie i Zak\u0142ady Chemiczne Siarki &#8220;Siarkopol&#8221; Sp\u00f3\u0142ka Akcyjna<\/p><p>Project partners:<\/p><ul><li>\u0141ukasiewicz Research Network &#8211; Institute of Heavy Organic Synthesis \u201dBlachownia\u201d<\/li><li>Grupa Azoty Polskie Konsorcjum Chemiczne sp. z o.o. <\/li><\/ul><p>Funding agreement no: POIR.01.02.00-00-0040\/17<\/p><p>Project value: 8 185 557,76 z\u0142<\/p><p>Funding amount: 5 171 282,53 z\u0142<\/p><p>Implementation period: 01.05.2017 &#8211; 16.10.2020<\/p><h3>Project aim:<\/h3><p>The main goal of this project is to develop a new technology for the production of poly(phenylene sulfide) (PPS) \u2013 polymer with superior mechanical properties and high thermal stability. The effective polymer purification method will be elaborated. Special attention will be put on recovery of solvents and reduction of wastes and by-products. The methods for utilization of solid, liquid and gaseous wastes will be elaborated which will be technically feasible, economically reasonable and with the lowest environmental impact. The project will consist of conducting the laboratory work on a scale from several dozen grams to several kilograms. The research will be supported by advanced instrumental analysis techniques for monitoring the reaction of polymer formation, composition of process streams and product purity. The obtained polymer samples will be tested in order to determine their structures, electrical and mechanical properties. The requirements of the PPS injection moulding process will be also complied with. Simultaneously, the work will be carried out on the process simulation model using the computer techniques and specialized software.      <\/p><p>The final step of this project will be Basic Engineering. The new PPS production process will be defined in details. Its implementation in the Leader&#8217;s commercial activity is planned after the completion of the project by designing and construction of the PPS production facility.  <\/p>\t\t\t\t\t\t\t\t<\/div>\n\t\t\t\t<\/div>\n\t\t\t\t<\/div>\n\t\t\t\t<\/div>\n\t\t\t\t<div class=\"elementor-element elementor-element-cb77e99 elementor-widget elementor-widget-heading\" data-id=\"cb77e99\" data-element_type=\"widget\" data-e-type=\"widget\" data-widget_type=\"heading.default\">\n\t\t\t\t<div class=\"elementor-widget-container\">\n\t\t\t\t\t<h3 class=\"elementor-heading-title elementor-size-default\">Contact<\/h3>\t\t\t\t<\/div>\n\t\t\t\t<\/div>\n\t\t<div class=\"elementor-element elementor-element-05d4c08 e-grid e-con-boxed e-con e-child\" data-id=\"05d4c08\" data-element_type=\"container\" data-e-type=\"container\" data-settings=\"{&quot;background_background&quot;:&quot;classic&quot;}\">\n\t\t\t\t\t<div class=\"e-con-inner\">\n\t\t\t\t<div class=\"elementor-element elementor-element-c4401e1 elementor-widget elementor-widget-text-editor\" data-id=\"c4401e1\" data-element_type=\"widget\" data-e-type=\"widget\" data-widget_type=\"text-editor.default\">\n\t\t\t\t<div class=\"elementor-widget-container\">\n\t\t\t\t\t\t\t\t\t<p><strong>ICSO\u2019s task manager:<\/strong><\/p><p>Marek Warza\u0142a, PhD Eng.<br>tel. +48 77 4873033<br>fax +48 77 4873060<br>e-mail: marek.warzala@icso.lukasiewicz.gov.pl  <\/p>\t\t\t\t\t\t\t\t<\/div>\n\t\t\t\t<\/div>\n\t\t\t\t<div class=\"elementor-element elementor-element-88dba29 elementor-widget elementor-widget-text-editor\" data-id=\"88dba29\" data-element_type=\"widget\" data-e-type=\"widget\" data-widget_type=\"text-editor.default\">\n\t\t\t\t<div class=\"elementor-widget-container\">\n\t\t\t\t\t\t\t\t\t<p><strong>Contact person:<\/strong><\/p><p>Iwona Piebiak<br>tel. + 48 77 4873103<br>fax +48 77 4873260<br>e-mail: iwona.piebiak@icso.lukasiewicz.gov.pl <\/p>\t\t\t\t\t\t\t\t<\/div>\n\t\t\t\t<\/div>\n\t\t\t\t\t<\/div>\n\t\t\t\t<\/div>\n\t\t\t\t\t<\/div>\n\t\t\t\t<\/div>\n\t\t\t\t<\/div>\n\t\t","protected":false},"excerpt":{"rendered":"<p>A process for the production of poly(phenylene sulfide) &#8211; polymer with superior mechanical properties and high thermal stability &#8220;PROJECT CO-FINANCED BY THE EUROPEAN UNION FROM THE EUROPEAN REGIONAL DEVELOPMENT FUND within the Smart Growth Operational Programme 2014-2020Action 1.2: R&amp;D Sector Programmes &#8221; Implementing authority: National Centre for Research and Development Beneficiary name: Grupa Azoty Kopalnie [&hellip;]<\/p>\n","protected":false},"author":228,"featured_media":0,"parent":70261,"menu_order":0,"comment_status":"closed","ping_status":"closed","template":"","meta":{"_acf_changed":false,"_seopress_robots_primary_cat":"","_seopress_titles_title":"","_seopress_titles_desc":"","_seopress_robots_index":"","inline_featured_image":false,"footnotes":""},"class_list":["post-70510","page","type-page","status-publish","hentry"],"acf":[],"publishpress_future_action":{"enabled":false,"date":"2026-04-13 15:11:19","action":"change-status","newStatus":"draft","terms":[],"taxonomy":"translation_priority","extraData":[]},"publishpress_future_workflow_manual_trigger":{"enabledWorkflows":[]},"_links":{"self":[{"href":"https:\/\/icso.lukasiewicz.gov.pl\/en\/wp-json\/wp\/v2\/pages\/70510","targetHints":{"allow":["GET"]}}],"collection":[{"href":"https:\/\/icso.lukasiewicz.gov.pl\/en\/wp-json\/wp\/v2\/pages"}],"about":[{"href":"https:\/\/icso.lukasiewicz.gov.pl\/en\/wp-json\/wp\/v2\/types\/page"}],"author":[{"embeddable":true,"href":"https:\/\/icso.lukasiewicz.gov.pl\/en\/wp-json\/wp\/v2\/users\/228"}],"replies":[{"embeddable":true,"href":"https:\/\/icso.lukasiewicz.gov.pl\/en\/wp-json\/wp\/v2\/comments?post=70510"}],"version-history":[{"count":2,"href":"https:\/\/icso.lukasiewicz.gov.pl\/en\/wp-json\/wp\/v2\/pages\/70510\/revisions"}],"predecessor-version":[{"id":70512,"href":"https:\/\/icso.lukasiewicz.gov.pl\/en\/wp-json\/wp\/v2\/pages\/70510\/revisions\/70512"}],"up":[{"embeddable":true,"href":"https:\/\/icso.lukasiewicz.gov.pl\/en\/wp-json\/wp\/v2\/pages\/70261"}],"wp:attachment":[{"href":"https:\/\/icso.lukasiewicz.gov.pl\/en\/wp-json\/wp\/v2\/media?parent=70510"}],"curies":[{"name":"wp","href":"https:\/\/api.w.org\/{rel}","templated":true}]}}