{"id":70489,"date":"2025-03-18T14:14:06","date_gmt":"2025-03-18T13:14:06","guid":{"rendered":"https:\/\/icso.lukasiewicz.gov.pl\/european-funds\/improving-the-performance-characteristics-of-industrial-lubricants-with-nanoadditives\/"},"modified":"2025-08-11T08:42:14","modified_gmt":"2025-08-11T06:42:14","slug":"improving-the-performance-characteristics-of-industrial-lubricants-with-nanoadditives","status":"publish","type":"page","link":"https:\/\/icso.lukasiewicz.gov.pl\/en\/european-funds\/improving-the-performance-characteristics-of-industrial-lubricants-with-nanoadditives\/","title":{"rendered":"Improving the performance characteristics of industrial lubricants with nanoadditives"},"content":{"rendered":"\t\t<div data-elementor-type=\"wp-page\" data-elementor-id=\"70489\" class=\"elementor elementor-70489 elementor-67635\" data-elementor-post-type=\"page\">\n\t\t\t\t<div class=\"elementor-element elementor-element-1d2a1c7 e-flex e-con-boxed e-con e-parent\" data-id=\"1d2a1c7\" data-element_type=\"container\" data-e-type=\"container\">\n\t\t\t\t\t<div class=\"e-con-inner\">\n\t\t\t\t<div class=\"elementor-element elementor-element-93f56e9 elementor-widget elementor-widget-heading\" data-id=\"93f56e9\" data-element_type=\"widget\" data-e-type=\"widget\" data-widget_type=\"heading.default\">\n\t\t\t\t<div class=\"elementor-widget-container\">\n\t\t\t\t\t<h1 class=\"elementor-heading-title elementor-size-default\">Improving the performance characteristics of industrial lubricants with nanoadditives<\/h1>\t\t\t\t<\/div>\n\t\t\t\t<\/div>\n\t\t\t\t\t<\/div>\n\t\t\t\t<\/div>\n\t\t<div class=\"elementor-element elementor-element-3dc4b77 e-flex e-con-boxed e-con e-parent\" data-id=\"3dc4b77\" data-element_type=\"container\" data-e-type=\"container\">\n\t\t\t\t\t<div class=\"e-con-inner\">\n\t\t<div class=\"elementor-element elementor-element-1dc8c5a e-con-full e-flex e-con e-child\" data-id=\"1dc8c5a\" data-element_type=\"container\" data-e-type=\"container\">\n\t\t<div class=\"elementor-element elementor-element-389aec3 e-con-full e-flex e-con e-child\" data-id=\"389aec3\" data-element_type=\"container\" data-e-type=\"container\" data-settings=\"{&quot;background_background&quot;:&quot;classic&quot;}\">\n\t\t\t\t<div class=\"elementor-element elementor-element-b72fb92 elementor-widget elementor-widget-image\" data-id=\"b72fb92\" data-element_type=\"widget\" data-e-type=\"widget\" data-widget_type=\"image.default\">\n\t\t\t\t<div class=\"elementor-widget-container\">\n\t\t\t\t\t\t\t\t\t\t\t\t\t\t\t<img fetchpriority=\"high\" decoding=\"async\" width=\"1402\" height=\"455\" src=\"https:\/\/icso.lukasiewicz.gov.pl\/wp-content\/uploads\/sites\/34\/2025\/03\/srodki-smarowe-nanododatki.png\" class=\"attachment-full size-full wp-image-67639\" alt=\"\" srcset=\"https:\/\/icso.lukasiewicz.gov.pl\/wp-content\/uploads\/sites\/34\/2025\/03\/srodki-smarowe-nanododatki.png 1402w, https:\/\/icso.lukasiewicz.gov.pl\/wp-content\/uploads\/sites\/34\/2025\/03\/srodki-smarowe-nanododatki-300x97.png 300w, https:\/\/icso.lukasiewicz.gov.pl\/wp-content\/uploads\/sites\/34\/2025\/03\/srodki-smarowe-nanododatki-1024x332.png 1024w, https:\/\/icso.lukasiewicz.gov.pl\/wp-content\/uploads\/sites\/34\/2025\/03\/srodki-smarowe-nanododatki-768x249.png 768w, https:\/\/icso.lukasiewicz.gov.pl\/wp-content\/uploads\/sites\/34\/2025\/03\/srodki-smarowe-nanododatki-1200x389.png 1200w, https:\/\/icso.lukasiewicz.gov.pl\/wp-content\/uploads\/sites\/34\/2025\/03\/srodki-smarowe-nanododatki-24x8.png 24w, https:\/\/icso.lukasiewicz.gov.pl\/wp-content\/uploads\/sites\/34\/2025\/03\/srodki-smarowe-nanododatki-36x12.png 36w, https:\/\/icso.lukasiewicz.gov.pl\/wp-content\/uploads\/sites\/34\/2025\/03\/srodki-smarowe-nanododatki-48x16.png 48w\" sizes=\"(max-width: 1402px) 100vw, 1402px\" \/>\t\t\t\t\t\t\t\t\t\t\t\t\t\t\t<\/div>\n\t\t\t\t<\/div>\n\t\t\t\t<div class=\"elementor-element elementor-element-456d119 elementor-widget elementor-widget-text-editor\" data-id=\"456d119\" data-element_type=\"widget\" data-e-type=\"widget\" data-widget_type=\"text-editor.default\">\n\t\t\t\t<div class=\"elementor-widget-container\">\n\t\t\t\t\t\t\t\t\t<p>&#8220;PROJECT CO-FINANCED BY THE EUROPEAN UNION FROM THE EUROPEAN REGIONAL DEVELOPMENT FUND within the Smart Growth Operational Programme 2014-2020<br>Priority axis IV: Increasing the research potential<br>Measure 4.1 Research and Development works<br>Sub-measure 4.1.4 Application projects&#8221;   <\/p><p>Project acronym: LUBRINAN<\/p><p>Intermediary institution: National Centre for Research and Development<\/p><p>Consortium leader: Sie\u0107 Badawcza \u0141ukasiewicz &#8211; Instytut Ci\u0119\u017ckiej Syntezy Organicznej \u201dBlachownia\u201d<\/p><p>Consortium member: Orlen Oil sp. z o.o. <\/p><p>Funding agreement no: POIR.04.01.04-00-0017\/20-00<\/p><p>Project value: 3 116 282,04 z\u0142<\/p><p>Funding amount: 2 646 006,42 z\u0142<\/p><p>Implementation period: 01.12.2020 &#8211; 30.11.2023<\/p><h3>Project aim:<\/h3><p>The works are concentrated on elaboration of lubricants line, in which the conventional performance additives are replaced or supplemented by nanocomponents. This line will include products widely used in the industry and motorization. <\/p><p>The test results showed, that it is possible to achieve better performance parameters while using less nanoadditive than conventional additive. The nanoadditive implementation improves lubricants antiwear and antiscuffing properties during longer work of mechanical devices, increased temperature and pressure. It is planned to improve the microbiological contamination protection in the systems that contain water. The improvement of performance parameters was possible due to effective cooperation within consortium, between Orlen Oil and \u0141ukasiewicz \u2013 ICSO \u201cBlachownia\u201d with active help from subcontractors.   <\/p><p>The key issue will be the nanoadditives modification and the way of introducing them to the base. The first modification method will be the fabrication of superconcentrates using oil or oil-water base, the second method \u2013 physicochemical functionalization of nanocomponents. <\/p><p>Products containing nanoadditives will be subjects of physicochemical testing, especially including stability during storage time and usage. Next, they will be subjected to full applicational evaluation in real exploitation conditions and on tribological research stations. <\/p><p>The results of the project \u2013 the lubricants line &#8211; will be characterized by better performance parameters than the lubricants currently offered by Orlen Oil and its competitors. It is planned to achieve such parameters decreasing at the same time the concentration of conventional functionalizing substances, which will be advantageous from ecological and economical point of view. <\/p>\t\t\t\t\t\t\t\t<\/div>\n\t\t\t\t<\/div>\n\t\t\t\t<\/div>\n\t\t\t\t<\/div>\n\t\t\t\t<div class=\"elementor-element elementor-element-b74a928 elementor-widget elementor-widget-heading\" data-id=\"b74a928\" data-element_type=\"widget\" data-e-type=\"widget\" data-widget_type=\"heading.default\">\n\t\t\t\t<div class=\"elementor-widget-container\">\n\t\t\t\t\t<h3 class=\"elementor-heading-title elementor-size-default\">Contact<\/h3>\t\t\t\t<\/div>\n\t\t\t\t<\/div>\n\t\t<div class=\"elementor-element elementor-element-c581a06 e-grid e-con-boxed e-con e-child\" data-id=\"c581a06\" data-element_type=\"container\" data-e-type=\"container\" data-settings=\"{&quot;background_background&quot;:&quot;classic&quot;}\">\n\t\t\t\t\t<div class=\"e-con-inner\">\n\t\t\t\t<div class=\"elementor-element elementor-element-39068a9 elementor-widget elementor-widget-text-editor\" data-id=\"39068a9\" data-element_type=\"widget\" data-e-type=\"widget\" data-widget_type=\"text-editor.default\">\n\t\t\t\t<div class=\"elementor-widget-container\">\n\t\t\t\t\t\t\t\t\t<p><strong>Project manager:<\/strong><\/p><p>Marcin Osika, M.Sc. Eng.<br>tel. +48 605 855 048<br>e-mail: marcin.osika@orlenoil.pl  <\/p>\t\t\t\t\t\t\t\t<\/div>\n\t\t\t\t<\/div>\n\t\t\t\t<div class=\"elementor-element elementor-element-d39da29 elementor-widget elementor-widget-text-editor\" data-id=\"d39da29\" data-element_type=\"widget\" data-e-type=\"widget\" data-widget_type=\"text-editor.default\">\n\t\t\t\t<div class=\"elementor-widget-container\">\n\t\t\t\t\t\t\t\t\t<p><strong>R&amp;D manager:<\/strong><\/p><p>Julia Woch, PhD Eng.<br>tel. +48 77 4873596<br>e-mail: julia.woch@icso.lukasiewicz.gov.pl  <\/p>\t\t\t\t\t\t\t\t<\/div>\n\t\t\t\t<\/div>\n\t\t\t\t<div class=\"elementor-element elementor-element-1c99b3c elementor-widget elementor-widget-text-editor\" data-id=\"1c99b3c\" data-element_type=\"widget\" data-e-type=\"widget\" data-widget_type=\"text-editor.default\">\n\t\t\t\t<div class=\"elementor-widget-container\">\n\t\t\t\t\t\t\t\t\t<p><strong>Contact person:<\/strong><\/p><p>Iwona Piebiak, M.A.<br>tel. +48 77 4873103<br>fax +48 77 4873260<br>e-mail: iwona.piebiak@icso.lukasiewicz.gov.pl <\/p>\t\t\t\t\t\t\t\t<\/div>\n\t\t\t\t<\/div>\n\t\t\t\t\t<\/div>\n\t\t\t\t<\/div>\n\t\t\t\t\t<\/div>\n\t\t\t\t<\/div>\n\t\t\t\t<\/div>\n\t\t","protected":false},"excerpt":{"rendered":"<p>Improving the performance characteristics of industrial lubricants with nanoadditives &#8220;PROJECT CO-FINANCED BY THE EUROPEAN UNION FROM THE EUROPEAN REGIONAL DEVELOPMENT FUND within the Smart Growth Operational Programme 2014-2020Priority axis IV: Increasing the research potentialMeasure 4.1 Research and Development worksSub-measure 4.1.4 Application projects&#8221; Project acronym: LUBRINAN Intermediary institution: National Centre for Research and Development Consortium leader: [&hellip;]<\/p>\n","protected":false},"author":228,"featured_media":0,"parent":70261,"menu_order":0,"comment_status":"closed","ping_status":"closed","template":"","meta":{"_acf_changed":false,"_seopress_robots_primary_cat":"","_seopress_titles_title":"","_seopress_titles_desc":"","_seopress_robots_index":"","inline_featured_image":false,"footnotes":""},"class_list":["post-70489","page","type-page","status-publish","hentry"],"acf":[],"publishpress_future_action":{"enabled":false,"date":"2026-04-13 15:08:35","action":"change-status","newStatus":"draft","terms":[],"taxonomy":"translation_priority","extraData":[]},"publishpress_future_workflow_manual_trigger":{"enabledWorkflows":[]},"_links":{"self":[{"href":"https:\/\/icso.lukasiewicz.gov.pl\/en\/wp-json\/wp\/v2\/pages\/70489","targetHints":{"allow":["GET"]}}],"collection":[{"href":"https:\/\/icso.lukasiewicz.gov.pl\/en\/wp-json\/wp\/v2\/pages"}],"about":[{"href":"https:\/\/icso.lukasiewicz.gov.pl\/en\/wp-json\/wp\/v2\/types\/page"}],"author":[{"embeddable":true,"href":"https:\/\/icso.lukasiewicz.gov.pl\/en\/wp-json\/wp\/v2\/users\/228"}],"replies":[{"embeddable":true,"href":"https:\/\/icso.lukasiewicz.gov.pl\/en\/wp-json\/wp\/v2\/comments?post=70489"}],"version-history":[{"count":2,"href":"https:\/\/icso.lukasiewicz.gov.pl\/en\/wp-json\/wp\/v2\/pages\/70489\/revisions"}],"predecessor-version":[{"id":70491,"href":"https:\/\/icso.lukasiewicz.gov.pl\/en\/wp-json\/wp\/v2\/pages\/70489\/revisions\/70491"}],"up":[{"embeddable":true,"href":"https:\/\/icso.lukasiewicz.gov.pl\/en\/wp-json\/wp\/v2\/pages\/70261"}],"wp:attachment":[{"href":"https:\/\/icso.lukasiewicz.gov.pl\/en\/wp-json\/wp\/v2\/media?parent=70489"}],"curies":[{"name":"wp","href":"https:\/\/api.w.org\/{rel}","templated":true}]}}