{"id":70468,"date":"2025-03-26T07:39:04","date_gmt":"2025-03-26T06:39:04","guid":{"rendered":"https:\/\/icso.lukasiewicz.gov.pl\/national-projects\/elaboration-of-innovative-agent-for-removing-impurities-and-pollutions-from-road-and-industrial-infrastructure\/"},"modified":"2025-08-08T14:17:29","modified_gmt":"2025-08-08T12:17:29","slug":"elaboration-of-innovative-agent-for-removing-impurities-and-pollutions-from-road-and-industrial-infrastructure","status":"publish","type":"page","link":"https:\/\/icso.lukasiewicz.gov.pl\/en\/national-projects\/elaboration-of-innovative-agent-for-removing-impurities-and-pollutions-from-road-and-industrial-infrastructure\/","title":{"rendered":"Elaboration of innovative agent for removing impurities and pollutions from road and industrial infrastructure"},"content":{"rendered":"\t\t<div data-elementor-type=\"wp-page\" data-elementor-id=\"70468\" class=\"elementor elementor-70468 elementor-68207\" data-elementor-post-type=\"page\">\n\t\t\t\t<div class=\"elementor-element elementor-element-51e5cb8 e-flex e-con-boxed e-con e-parent\" data-id=\"51e5cb8\" data-element_type=\"container\" data-e-type=\"container\">\n\t\t\t\t\t<div class=\"e-con-inner\">\n\t\t\t\t<div class=\"elementor-element elementor-element-d84c25d elementor-widget elementor-widget-heading\" data-id=\"d84c25d\" data-element_type=\"widget\" data-e-type=\"widget\" data-widget_type=\"heading.default\">\n\t\t\t\t<div class=\"elementor-widget-container\">\n\t\t\t\t\t<h1 class=\"elementor-heading-title elementor-size-default\">Elaboration of innovative agent for removing impurities and pollutions from road and industrial infrastructure<\/h1>\t\t\t\t<\/div>\n\t\t\t\t<\/div>\n\t\t\t\t\t<\/div>\n\t\t\t\t<\/div>\n\t\t<div class=\"elementor-element elementor-element-21c55e6 e-flex e-con-boxed e-con e-parent\" data-id=\"21c55e6\" data-element_type=\"container\" data-e-type=\"container\">\n\t\t\t\t\t<div class=\"e-con-inner\">\n\t\t<div class=\"elementor-element elementor-element-671d0c1 e-con-full e-flex e-con e-child\" data-id=\"671d0c1\" data-element_type=\"container\" data-e-type=\"container\" data-settings=\"{&quot;background_background&quot;:&quot;classic&quot;}\">\n\t\t<div class=\"elementor-element elementor-element-4ea2561 e-con-full e-flex e-con e-child\" data-id=\"4ea2561\" data-element_type=\"container\" data-e-type=\"container\">\n\t\t\t\t<div class=\"elementor-element elementor-element-c8705dc elementor-widget elementor-widget-image\" data-id=\"c8705dc\" data-element_type=\"widget\" data-e-type=\"widget\" data-widget_type=\"image.default\">\n\t\t\t\t<div class=\"elementor-widget-container\">\n\t\t\t\t\t\t\t\t\t\t\t\t\t\t\t<img fetchpriority=\"high\" decoding=\"async\" width=\"300\" height=\"186\" src=\"https:\/\/icso.lukasiewicz.gov.pl\/wp-content\/uploads\/sites\/34\/2025\/03\/Stare-NCBR-300x186.png\" class=\"attachment-medium size-medium wp-image-68138\" alt=\"\" srcset=\"https:\/\/icso.lukasiewicz.gov.pl\/wp-content\/uploads\/sites\/34\/2025\/03\/Stare-NCBR-300x186.png 300w, https:\/\/icso.lukasiewicz.gov.pl\/wp-content\/uploads\/sites\/34\/2025\/03\/Stare-NCBR-24x15.png 24w, https:\/\/icso.lukasiewicz.gov.pl\/wp-content\/uploads\/sites\/34\/2025\/03\/Stare-NCBR-36x22.png 36w, https:\/\/icso.lukasiewicz.gov.pl\/wp-content\/uploads\/sites\/34\/2025\/03\/Stare-NCBR-48x30.png 48w, https:\/\/icso.lukasiewicz.gov.pl\/wp-content\/uploads\/sites\/34\/2025\/03\/Stare-NCBR.png 455w\" sizes=\"(max-width: 300px) 100vw, 300px\" \/>\t\t\t\t\t\t\t\t\t\t\t\t\t\t\t<\/div>\n\t\t\t\t<\/div>\n\t\t\t\t<div class=\"elementor-element elementor-element-1c33953 elementor-widget elementor-widget-text-editor\" data-id=\"1c33953\" data-element_type=\"widget\" data-e-type=\"widget\" data-widget_type=\"text-editor.default\">\n\t\t\t\t<div class=\"elementor-widget-container\">\n\t\t\t\t\t\t\t\t\t<p>Project in the scope of scientific research and development works in the area of safety and defensibility of the state financed by The National Centre for Research and Development<\/p><h2>Project aim:<\/h2><p>The aim of the project was the elaboration of innovative technology to manufacture the dispersing agent of new generation, based on novel surfactants, used for the removing of petroleum derivatives spills from the roads surface.<\/p><p>The new agent decreases the effectiveness of road traffic collisions results disposal, shortens the rescue operations time and limits the pollution with petroleum derivatives by their emulsification and neutralization.<br>Elaborated agent is characterized by higher biodegradability and lower toxicity in comparison to the currently used agents.<\/p><p>This project was realized by a scientific consortium with following members: Instytut Ci\u0119\u017ckiej Syntezy Organicznej &#8220;Blachownia&#8221;, Centrum Naukowo Badawcze Ochrony Przeciwpo\u017carowej im. J\u00f3zefa Tuliszkowskiego &#8211; PIB and P.P.H. CHEMKONFEKT Roman Majewski. <\/p><p>This project is now finished.<\/p>\t\t\t\t\t\t\t\t<\/div>\n\t\t\t\t<\/div>\n\t\t\t\t<\/div>\n\t\t\t\t<\/div>\n\t\t<div class=\"elementor-element elementor-element-a679aae e-con-full e-flex e-con e-child\" data-id=\"a679aae\" data-element_type=\"container\" data-e-type=\"container\">\n\t\t<div class=\"elementor-element elementor-element-1d26754 e-flex e-con-boxed e-con e-child\" data-id=\"1d26754\" data-element_type=\"container\" data-e-type=\"container\">\n\t\t\t\t\t<div class=\"e-con-inner\">\n\t\t\t\t<div class=\"elementor-element elementor-element-79ae538 elementor-widget elementor-widget-heading\" data-id=\"79ae538\" data-element_type=\"widget\" data-e-type=\"widget\" data-widget_type=\"heading.default\">\n\t\t\t\t<div class=\"elementor-widget-container\">\n\t\t\t\t\t<h3 class=\"elementor-heading-title elementor-size-default\">Contact<\/h3>\t\t\t\t<\/div>\n\t\t\t\t<\/div>\n\t\t\t\t\t<\/div>\n\t\t\t\t<\/div>\n\t\t<div class=\"elementor-element elementor-element-3532fca e-grid e-con-boxed e-con e-child\" data-id=\"3532fca\" data-element_type=\"container\" data-e-type=\"container\" data-settings=\"{&quot;background_background&quot;:&quot;classic&quot;}\">\n\t\t\t\t\t<div class=\"e-con-inner\">\n\t\t\t\t<div class=\"elementor-element elementor-element-5d5f762 elementor-widget elementor-widget-text-editor\" data-id=\"5d5f762\" data-element_type=\"widget\" data-e-type=\"widget\" data-widget_type=\"text-editor.default\">\n\t\t\t\t<div class=\"elementor-widget-container\">\n\t\t\t\t\t\t\t\t\t<p><strong>Project Manager:<\/strong><\/p><p>Bo\u017cena Twardochleb, PhD Eng.<br>tel.  77 487 36 30<\/p>\t\t\t\t\t\t\t\t<\/div>\n\t\t\t\t<\/div>\n\t\t\t\t\t<\/div>\n\t\t\t\t<\/div>\n\t\t\t\t<\/div>\n\t\t\t\t\t<\/div>\n\t\t\t\t<\/div>\n\t\t\t\t<\/div>\n\t\t","protected":false},"excerpt":{"rendered":"<p>Elaboration of innovative agent for removing impurities and pollutions from road and industrial infrastructure Project in the scope of scientific research and development works in the area of safety and defensibility of the state financed by The National Centre for Research and Development Project aim: The aim of the project was the elaboration of innovative [&hellip;]<\/p>\n","protected":false},"author":228,"featured_media":0,"parent":70089,"menu_order":0,"comment_status":"closed","ping_status":"closed","template":"","meta":{"_acf_changed":false,"_seopress_robots_primary_cat":"","_seopress_titles_title":"","_seopress_titles_desc":"","_seopress_robots_index":"","inline_featured_image":false,"footnotes":""},"class_list":["post-70468","page","type-page","status-publish","hentry"],"acf":[],"publishpress_future_action":{"enabled":false,"date":"2026-04-14 14:03:18","action":"change-status","newStatus":"draft","terms":[],"taxonomy":"translation_priority","extraData":[]},"publishpress_future_workflow_manual_trigger":{"enabledWorkflows":[]},"_links":{"self":[{"href":"https:\/\/icso.lukasiewicz.gov.pl\/en\/wp-json\/wp\/v2\/pages\/70468","targetHints":{"allow":["GET"]}}],"collection":[{"href":"https:\/\/icso.lukasiewicz.gov.pl\/en\/wp-json\/wp\/v2\/pages"}],"about":[{"href":"https:\/\/icso.lukasiewicz.gov.pl\/en\/wp-json\/wp\/v2\/types\/page"}],"author":[{"embeddable":true,"href":"https:\/\/icso.lukasiewicz.gov.pl\/en\/wp-json\/wp\/v2\/users\/228"}],"replies":[{"embeddable":true,"href":"https:\/\/icso.lukasiewicz.gov.pl\/en\/wp-json\/wp\/v2\/comments?post=70468"}],"version-history":[{"count":2,"href":"https:\/\/icso.lukasiewicz.gov.pl\/en\/wp-json\/wp\/v2\/pages\/70468\/revisions"}],"predecessor-version":[{"id":70470,"href":"https:\/\/icso.lukasiewicz.gov.pl\/en\/wp-json\/wp\/v2\/pages\/70468\/revisions\/70470"}],"up":[{"embeddable":true,"href":"https:\/\/icso.lukasiewicz.gov.pl\/en\/wp-json\/wp\/v2\/pages\/70089"}],"wp:attachment":[{"href":"https:\/\/icso.lukasiewicz.gov.pl\/en\/wp-json\/wp\/v2\/media?parent=70468"}],"curies":[{"name":"wp","href":"https:\/\/api.w.org\/{rel}","templated":true}]}}