{"id":70407,"date":"2025-03-25T11:35:40","date_gmt":"2025-03-25T10:35:40","guid":{"rendered":"https:\/\/icso.lukasiewicz.gov.pl\/national-projects\/new-generation-asphalt-mixture-for-hydro-insulating-products\/"},"modified":"2025-08-07T14:29:43","modified_gmt":"2025-08-07T12:29:43","slug":"new-generation-asphalt-mixture-for-hydro-insulating-products","status":"publish","type":"page","link":"https:\/\/icso.lukasiewicz.gov.pl\/en\/national-projects\/new-generation-asphalt-mixture-for-hydro-insulating-products\/","title":{"rendered":"New generation asphalt mixture for hydro insulating products"},"content":{"rendered":"\t\t<div data-elementor-type=\"wp-page\" data-elementor-id=\"70407\" class=\"elementor elementor-70407 elementor-68140\" data-elementor-post-type=\"page\">\n\t\t\t\t<div class=\"elementor-element elementor-element-1cfa504 e-flex e-con-boxed e-con e-parent\" data-id=\"1cfa504\" data-element_type=\"container\" data-e-type=\"container\">\n\t\t\t\t\t<div class=\"e-con-inner\">\n\t\t\t\t<div class=\"elementor-element elementor-element-0234fae elementor-widget elementor-widget-heading\" data-id=\"0234fae\" data-element_type=\"widget\" data-e-type=\"widget\" data-widget_type=\"heading.default\">\n\t\t\t\t<div class=\"elementor-widget-container\">\n\t\t\t\t\t<h1 class=\"elementor-heading-title elementor-size-default\">New generation asphalt mixture for hydro insulating products<\/h1>\t\t\t\t<\/div>\n\t\t\t\t<\/div>\n\t\t\t\t\t<\/div>\n\t\t\t\t<\/div>\n\t\t<div class=\"elementor-element elementor-element-aa32821 e-flex e-con-boxed e-con e-parent\" data-id=\"aa32821\" data-element_type=\"container\" data-e-type=\"container\">\n\t\t\t\t\t<div class=\"e-con-inner\">\n\t\t<div class=\"elementor-element elementor-element-0ebcf61 e-con-full e-flex e-con e-child\" data-id=\"0ebcf61\" data-element_type=\"container\" data-e-type=\"container\" data-settings=\"{&quot;background_background&quot;:&quot;classic&quot;}\">\n\t\t<div class=\"elementor-element elementor-element-4b74f9d e-con-full e-flex e-con e-child\" data-id=\"4b74f9d\" data-element_type=\"container\" data-e-type=\"container\">\n\t\t\t\t<div class=\"elementor-element elementor-element-72565c6 elementor-widget elementor-widget-image\" data-id=\"72565c6\" data-element_type=\"widget\" data-e-type=\"widget\" data-widget_type=\"image.default\">\n\t\t\t\t<div class=\"elementor-widget-container\">\n\t\t\t\t\t\t\t\t\t\t\t\t\t\t\t<img fetchpriority=\"high\" decoding=\"async\" width=\"300\" height=\"186\" src=\"https:\/\/icso.lukasiewicz.gov.pl\/wp-content\/uploads\/sites\/34\/2025\/03\/Stare-NCBR-300x186.png\" class=\"attachment-medium size-medium wp-image-68138\" alt=\"\" srcset=\"https:\/\/icso.lukasiewicz.gov.pl\/wp-content\/uploads\/sites\/34\/2025\/03\/Stare-NCBR-300x186.png 300w, https:\/\/icso.lukasiewicz.gov.pl\/wp-content\/uploads\/sites\/34\/2025\/03\/Stare-NCBR-24x15.png 24w, https:\/\/icso.lukasiewicz.gov.pl\/wp-content\/uploads\/sites\/34\/2025\/03\/Stare-NCBR-36x22.png 36w, https:\/\/icso.lukasiewicz.gov.pl\/wp-content\/uploads\/sites\/34\/2025\/03\/Stare-NCBR-48x30.png 48w, https:\/\/icso.lukasiewicz.gov.pl\/wp-content\/uploads\/sites\/34\/2025\/03\/Stare-NCBR.png 455w\" sizes=\"(max-width: 300px) 100vw, 300px\" \/>\t\t\t\t\t\t\t\t\t\t\t\t\t\t\t<\/div>\n\t\t\t\t<\/div>\n\t\t\t\t<div class=\"elementor-element elementor-element-a493133 elementor-widget elementor-widget-text-editor\" data-id=\"a493133\" data-element_type=\"widget\" data-e-type=\"widget\" data-widget_type=\"text-editor.default\">\n\t\t\t\t<div class=\"elementor-widget-container\">\n\t\t\t\t\t\t\t\t\t<p>Project realized within Applied Research Programme, track B<\/p><p>Funding agreement no: PBS3\/B2\/17\/2015<\/p><p>Project value: 1 206 289,00 z\u0142<\/p><p>Funding amount: 807 924,00 z\u0142<\/p><p>Funding for ICSO &#8220;Blachownia&#8221;: 323 750,00 z\u0142<\/p><p>Implementation period: 2015.07.01 &#8211; 2018.06.30<\/p><h2>Project aim:<\/h2><p>The aim of the project was the discovery of new generation modifier for asphalt. Such modifier should be able to decrease the adverse changes of physical properties of asphalt, caused by ageing.<\/p><p>Project was realized within scientific consortium of Poznan University of Technology \u2013 the leader of the consortium, Institute of Heavy Organic Synthesis \u201cBlachownia\u201d and Izolacje-Jarocin S.A. company.<\/p>\t\t\t\t\t\t\t\t<\/div>\n\t\t\t\t<\/div>\n\t\t\t\t<\/div>\n\t\t\t\t<\/div>\n\t\t<div class=\"elementor-element elementor-element-bcf31ad e-con-full e-flex e-con e-child\" data-id=\"bcf31ad\" data-element_type=\"container\" data-e-type=\"container\">\n\t\t<div class=\"elementor-element elementor-element-2def8e6 e-flex e-con-boxed e-con e-child\" data-id=\"2def8e6\" data-element_type=\"container\" data-e-type=\"container\">\n\t\t\t\t\t<div class=\"e-con-inner\">\n\t\t\t\t<div class=\"elementor-element elementor-element-8e19563 elementor-widget elementor-widget-heading\" data-id=\"8e19563\" data-element_type=\"widget\" data-e-type=\"widget\" data-widget_type=\"heading.default\">\n\t\t\t\t<div class=\"elementor-widget-container\">\n\t\t\t\t\t<h3 class=\"elementor-heading-title elementor-size-default\">Contact<\/h3>\t\t\t\t<\/div>\n\t\t\t\t<\/div>\n\t\t\t\t\t<\/div>\n\t\t\t\t<\/div>\n\t\t<div class=\"elementor-element elementor-element-738e81a e-grid e-con-boxed e-con e-child\" data-id=\"738e81a\" data-element_type=\"container\" data-e-type=\"container\" data-settings=\"{&quot;background_background&quot;:&quot;classic&quot;}\">\n\t\t\t\t\t<div class=\"e-con-inner\">\n\t\t\t\t<div class=\"elementor-element elementor-element-6e5b292 elementor-widget elementor-widget-text-editor\" data-id=\"6e5b292\" data-element_type=\"widget\" data-e-type=\"widget\" data-widget_type=\"text-editor.default\">\n\t\t\t\t<div class=\"elementor-widget-container\">\n\t\t\t\t\t\t\t\t\t<p><strong>Jacek Kosno, M.Sc.<\/strong><\/p><p>tel. 77 487 35 36<br>e-mail: jacek.kosno@icso.lukasiewicz.gov.pl<\/p>\t\t\t\t\t\t\t\t<\/div>\n\t\t\t\t<\/div>\n\t\t\t\t<div class=\"elementor-element elementor-element-509f969 elementor-widget elementor-widget-text-editor\" data-id=\"509f969\" data-element_type=\"widget\" data-e-type=\"widget\" data-widget_type=\"text-editor.default\">\n\t\t\t\t<div class=\"elementor-widget-container\">\n\t\t\t\t\t\t\t\t\t<p><strong>Magdalena Krowicka, M.Sc. Eng. <\/strong><\/p><p>tel. 77 487 31 60<br>e-mail: magdalena.krowicka@icso.lukasiewicz.gov.pl<\/p>\t\t\t\t\t\t\t\t<\/div>\n\t\t\t\t<\/div>\n\t\t\t\t\t<\/div>\n\t\t\t\t<\/div>\n\t\t\t\t<\/div>\n\t\t\t\t\t<\/div>\n\t\t\t\t<\/div>\n\t\t\t\t<\/div>\n\t\t","protected":false},"excerpt":{"rendered":"<p>New generation asphalt mixture for hydro insulating products Project realized within Applied Research Programme, track B Funding agreement no: PBS3\/B2\/17\/2015 Project value: 1 206 289,00 z\u0142 Funding amount: 807 924,00 z\u0142 Funding for ICSO &#8220;Blachownia&#8221;: 323 750,00 z\u0142 Implementation period: 2015.07.01 &#8211; 2018.06.30 Project aim: The aim of the project was the discovery of new [&hellip;]<\/p>\n","protected":false},"author":228,"featured_media":0,"parent":70089,"menu_order":0,"comment_status":"closed","ping_status":"closed","template":"","meta":{"_acf_changed":false,"_seopress_robots_primary_cat":"","_seopress_titles_title":"","_seopress_titles_desc":"","_seopress_robots_index":"","inline_featured_image":false,"footnotes":""},"class_list":["post-70407","page","type-page","status-publish","hentry"],"acf":[],"publishpress_future_action":{"enabled":false,"date":"2026-04-14 14:08:31","action":"change-status","newStatus":"draft","terms":[],"taxonomy":"translation_priority","extraData":[]},"publishpress_future_workflow_manual_trigger":{"enabledWorkflows":[]},"_links":{"self":[{"href":"https:\/\/icso.lukasiewicz.gov.pl\/en\/wp-json\/wp\/v2\/pages\/70407","targetHints":{"allow":["GET"]}}],"collection":[{"href":"https:\/\/icso.lukasiewicz.gov.pl\/en\/wp-json\/wp\/v2\/pages"}],"about":[{"href":"https:\/\/icso.lukasiewicz.gov.pl\/en\/wp-json\/wp\/v2\/types\/page"}],"author":[{"embeddable":true,"href":"https:\/\/icso.lukasiewicz.gov.pl\/en\/wp-json\/wp\/v2\/users\/228"}],"replies":[{"embeddable":true,"href":"https:\/\/icso.lukasiewicz.gov.pl\/en\/wp-json\/wp\/v2\/comments?post=70407"}],"version-history":[{"count":2,"href":"https:\/\/icso.lukasiewicz.gov.pl\/en\/wp-json\/wp\/v2\/pages\/70407\/revisions"}],"predecessor-version":[{"id":70409,"href":"https:\/\/icso.lukasiewicz.gov.pl\/en\/wp-json\/wp\/v2\/pages\/70407\/revisions\/70409"}],"up":[{"embeddable":true,"href":"https:\/\/icso.lukasiewicz.gov.pl\/en\/wp-json\/wp\/v2\/pages\/70089"}],"wp:attachment":[{"href":"https:\/\/icso.lukasiewicz.gov.pl\/en\/wp-json\/wp\/v2\/media?parent=70407"}],"curies":[{"name":"wp","href":"https:\/\/api.w.org\/{rel}","templated":true}]}}