{"id":70380,"date":"2025-03-25T10:45:48","date_gmt":"2025-03-25T09:45:48","guid":{"rendered":"https:\/\/icso.lukasiewicz.gov.pl\/national-projects\/novel-binders-for-wood-based-materials-dedicated-to-modular-constructions\/"},"modified":"2025-08-07T13:53:41","modified_gmt":"2025-08-07T11:53:41","slug":"novel-binders-for-wood-based-materials-dedicated-to-modular-constructions","status":"publish","type":"page","link":"https:\/\/icso.lukasiewicz.gov.pl\/en\/national-projects\/novel-binders-for-wood-based-materials-dedicated-to-modular-constructions\/","title":{"rendered":"Novel binders for wood-based materials dedicated to modular constructions"},"content":{"rendered":"\t\t<div data-elementor-type=\"wp-page\" data-elementor-id=\"70380\" class=\"elementor elementor-70380 elementor-68094\" data-elementor-post-type=\"page\">\n\t\t\t\t<div class=\"elementor-element elementor-element-2290e3b e-flex e-con-boxed e-con e-parent\" data-id=\"2290e3b\" data-element_type=\"container\" data-e-type=\"container\">\n\t\t\t\t\t<div class=\"e-con-inner\">\n\t\t\t\t<div class=\"elementor-element elementor-element-b2e518f elementor-widget elementor-widget-heading\" data-id=\"b2e518f\" data-element_type=\"widget\" data-e-type=\"widget\" data-widget_type=\"heading.default\">\n\t\t\t\t<div class=\"elementor-widget-container\">\n\t\t\t\t\t<h1 class=\"elementor-heading-title elementor-size-default\">Novel binders for wood-based materials dedicated to modular constructions<\/h1>\t\t\t\t<\/div>\n\t\t\t\t<\/div>\n\t\t\t\t\t<\/div>\n\t\t\t\t<\/div>\n\t\t<div class=\"elementor-element elementor-element-bc13b32 e-flex e-con-boxed e-con e-parent\" data-id=\"bc13b32\" data-element_type=\"container\" data-e-type=\"container\">\n\t\t\t\t\t<div class=\"e-con-inner\">\n\t\t<div class=\"elementor-element elementor-element-ab1a3e1 e-con-full e-flex e-con e-child\" data-id=\"ab1a3e1\" data-element_type=\"container\" data-e-type=\"container\" data-settings=\"{&quot;background_background&quot;:&quot;classic&quot;}\">\n\t\t<div class=\"elementor-element elementor-element-dc46699 e-con-full e-flex e-con e-child\" data-id=\"dc46699\" data-element_type=\"container\" data-e-type=\"container\">\n\t\t\t\t<div class=\"elementor-element elementor-element-562f584 elementor-widget elementor-widget-image\" data-id=\"562f584\" data-element_type=\"widget\" data-e-type=\"widget\" data-widget_type=\"image.default\">\n\t\t\t\t<div class=\"elementor-widget-container\">\n\t\t\t\t\t\t\t\t\t\t\t\t\t\t\t<img decoding=\"async\" width=\"294\" height=\"140\" src=\"https:\/\/icso.lukasiewicz.gov.pl\/wp-content\/uploads\/sites\/34\/2024\/09\/dotacje_celowe.jpg\" class=\"attachment-medium size-medium wp-image-70090\" alt=\"\" srcset=\"https:\/\/icso.lukasiewicz.gov.pl\/wp-content\/uploads\/sites\/34\/2024\/09\/dotacje_celowe.jpg 294w, https:\/\/icso.lukasiewicz.gov.pl\/wp-content\/uploads\/sites\/34\/2024\/09\/dotacje_celowe-24x11.jpg 24w, https:\/\/icso.lukasiewicz.gov.pl\/wp-content\/uploads\/sites\/34\/2024\/09\/dotacje_celowe-36x17.jpg 36w, https:\/\/icso.lukasiewicz.gov.pl\/wp-content\/uploads\/sites\/34\/2024\/09\/dotacje_celowe-48x23.jpg 48w\" sizes=\"(max-width: 294px) 100vw, 294px\" \/>\t\t\t\t\t\t\t\t\t\t\t\t\t\t\t<\/div>\n\t\t\t\t<\/div>\n\t\t\t\t<div class=\"elementor-element elementor-element-74a8b9f elementor-widget elementor-widget-text-editor\" data-id=\"74a8b9f\" data-element_type=\"widget\" data-e-type=\"widget\" data-widget_type=\"text-editor.default\">\n\t\t\t\t<div class=\"elementor-widget-container\">\n\t\t\t\t\t\t\t\t\t<p>PROJECT CO-FINANCED FROM THE STATE BUDGET<\/p><p>Beneficiary name: \u0141ukasiewicz Research Network \u2013 Institute of Heavy Organic Synthesis \u201cBlachownia\u201d<br>Agreement number: 2\/\u0141-ICSO\/C\u0141\/2021<br>Project value: 945 281,25 z\u0142<br>State budget contribution: 756 225,00 z\u0142<br>Duration: 01.06.2021 &#8211; 30.11.2022<\/p><p>Project realized within consortium with following members:<\/p><p>\u0141ukasiewicz Research Network \u2013 Institute of Heavy Organic Synthesis \u201cBlachownia\u201d<br>\u0141ukasiewicz Research Network \u2013 Pozna\u0144 Institute of Technology<\/p><h2>Project aim:<\/h2><p>The subject of the project is the elaboration of novel wood-based materials for modular constructions. The two main tasks within the project are: firstly, to elaborate the method to obtain the resol phenolic resin based glue composition for plywood, in which the phenolic raw-material will be partially substituted with lignin; secondly, to elaborate oa formaldehyde-free melamine resin binder for construction particle boards. The above mentioned resins will be produced basing on chemicals less toxic than formaldehyde. <\/p>\t\t\t\t\t\t\t\t<\/div>\n\t\t\t\t<\/div>\n\t\t\t\t<\/div>\n\t\t\t\t<\/div>\n\t\t<div class=\"elementor-element elementor-element-57d566e e-con-full e-flex e-con e-child\" data-id=\"57d566e\" data-element_type=\"container\" data-e-type=\"container\">\n\t\t<div class=\"elementor-element elementor-element-14b7566 e-flex e-con-boxed e-con e-child\" data-id=\"14b7566\" data-element_type=\"container\" data-e-type=\"container\">\n\t\t\t\t\t<div class=\"e-con-inner\">\n\t\t\t\t<div class=\"elementor-element elementor-element-f3e2796 elementor-widget elementor-widget-heading\" data-id=\"f3e2796\" data-element_type=\"widget\" data-e-type=\"widget\" data-widget_type=\"heading.default\">\n\t\t\t\t<div class=\"elementor-widget-container\">\n\t\t\t\t\t<h3 class=\"elementor-heading-title elementor-size-default\">Contact<\/h3>\t\t\t\t<\/div>\n\t\t\t\t<\/div>\n\t\t\t\t\t<\/div>\n\t\t\t\t<\/div>\n\t\t<div class=\"elementor-element elementor-element-6498850 e-grid e-con-boxed e-con e-child\" data-id=\"6498850\" data-element_type=\"container\" data-e-type=\"container\" data-settings=\"{&quot;background_background&quot;:&quot;classic&quot;}\">\n\t\t\t\t\t<div class=\"e-con-inner\">\n\t\t\t\t<div class=\"elementor-element elementor-element-9d02a61 elementor-widget elementor-widget-text-editor\" data-id=\"9d02a61\" data-element_type=\"widget\" data-e-type=\"widget\" data-widget_type=\"text-editor.default\">\n\t\t\t\t<div class=\"elementor-widget-container\">\n\t\t\t\t\t\t\t\t\t<p><strong>Damian Kie\u0142kiewcz, PhD<\/strong><\/p><p>tel.: +48 77 487 33 61<br>mob.: +48 664 718 940<br>e-mail: damian.kielkiewicz@icso.lukasiewicz.gov.pl<\/p>\t\t\t\t\t\t\t\t<\/div>\n\t\t\t\t<\/div>\n\t\t\t\t<div class=\"elementor-element elementor-element-6068bd3 elementor-widget elementor-widget-text-editor\" data-id=\"6068bd3\" data-element_type=\"widget\" data-e-type=\"widget\" data-widget_type=\"text-editor.default\">\n\t\t\t\t<div class=\"elementor-widget-container\">\n\t\t\t\t\t\t\t\t\t<p><strong>Magdalena Krowicka, Ms.C. Eng. <\/strong><\/p><p>tel.: +48 77 487 31 60<br>mob.: +48 721 413 712<br>e-mail: magdalena.krowicka@icso.lukasiewicz.gov.pl<\/p>\t\t\t\t\t\t\t\t<\/div>\n\t\t\t\t<\/div>\n\t\t\t\t\t<\/div>\n\t\t\t\t<\/div>\n\t\t\t\t<\/div>\n\t\t\t\t\t<\/div>\n\t\t\t\t<\/div>\n\t\t\t\t<\/div>\n\t\t","protected":false},"excerpt":{"rendered":"<p>Novel binders for wood-based materials dedicated to modular constructions PROJECT CO-FINANCED FROM THE STATE BUDGET Beneficiary name: \u0141ukasiewicz Research Network \u2013 Institute of Heavy Organic Synthesis \u201cBlachownia\u201dAgreement number: 2\/\u0141-ICSO\/C\u0141\/2021Project value: 945 281,25 z\u0142State budget contribution: 756 225,00 z\u0142Duration: 01.06.2021 &#8211; 30.11.2022 Project realized within consortium with following members: \u0141ukasiewicz Research Network \u2013 Institute of Heavy [&hellip;]<\/p>\n","protected":false},"author":228,"featured_media":0,"parent":70089,"menu_order":0,"comment_status":"closed","ping_status":"closed","template":"","meta":{"_acf_changed":false,"_seopress_robots_primary_cat":"","_seopress_titles_title":"","_seopress_titles_desc":"","_seopress_robots_index":"","inline_featured_image":false,"footnotes":""},"class_list":["post-70380","page","type-page","status-publish","hentry"],"acf":[],"publishpress_future_action":{"enabled":false,"date":"2026-04-14 14:04:42","action":"change-status","newStatus":"draft","terms":[],"taxonomy":"translation_priority","extraData":[]},"publishpress_future_workflow_manual_trigger":{"enabledWorkflows":[]},"_links":{"self":[{"href":"https:\/\/icso.lukasiewicz.gov.pl\/en\/wp-json\/wp\/v2\/pages\/70380","targetHints":{"allow":["GET"]}}],"collection":[{"href":"https:\/\/icso.lukasiewicz.gov.pl\/en\/wp-json\/wp\/v2\/pages"}],"about":[{"href":"https:\/\/icso.lukasiewicz.gov.pl\/en\/wp-json\/wp\/v2\/types\/page"}],"author":[{"embeddable":true,"href":"https:\/\/icso.lukasiewicz.gov.pl\/en\/wp-json\/wp\/v2\/users\/228"}],"replies":[{"embeddable":true,"href":"https:\/\/icso.lukasiewicz.gov.pl\/en\/wp-json\/wp\/v2\/comments?post=70380"}],"version-history":[{"count":2,"href":"https:\/\/icso.lukasiewicz.gov.pl\/en\/wp-json\/wp\/v2\/pages\/70380\/revisions"}],"predecessor-version":[{"id":70382,"href":"https:\/\/icso.lukasiewicz.gov.pl\/en\/wp-json\/wp\/v2\/pages\/70380\/revisions\/70382"}],"up":[{"embeddable":true,"href":"https:\/\/icso.lukasiewicz.gov.pl\/en\/wp-json\/wp\/v2\/pages\/70089"}],"wp:attachment":[{"href":"https:\/\/icso.lukasiewicz.gov.pl\/en\/wp-json\/wp\/v2\/media?parent=70380"}],"curies":[{"name":"wp","href":"https:\/\/api.w.org\/{rel}","templated":true}]}}