{"id":70360,"date":"2025-03-25T09:47:30","date_gmt":"2025-03-25T08:47:30","guid":{"rendered":"https:\/\/icso.lukasiewicz.gov.pl\/national-projects\/bptmc-additive-for-producing-innovative-construction-polycarbonates-for-modular-constructions\/"},"modified":"2025-08-07T13:42:42","modified_gmt":"2025-08-07T11:42:42","slug":"bptmc-additive-for-producing-innovative-construction-polycarbonates-for-modular-constructions","status":"publish","type":"page","link":"https:\/\/icso.lukasiewicz.gov.pl\/en\/national-projects\/bptmc-additive-for-producing-innovative-construction-polycarbonates-for-modular-constructions\/","title":{"rendered":"BPTMC &#8211; additive for producing innovative construction polycarbonates for modular constructions"},"content":{"rendered":"\t\t<div data-elementor-type=\"wp-page\" data-elementor-id=\"70360\" class=\"elementor elementor-70360 elementor-68082\" data-elementor-post-type=\"page\">\n\t\t\t\t<div class=\"elementor-element elementor-element-00972a7 e-flex e-con-boxed e-con e-parent\" data-id=\"00972a7\" data-element_type=\"container\" data-e-type=\"container\">\n\t\t\t\t\t<div class=\"e-con-inner\">\n\t\t\t\t<div class=\"elementor-element elementor-element-f17d190 elementor-widget elementor-widget-heading\" data-id=\"f17d190\" data-element_type=\"widget\" data-e-type=\"widget\" data-widget_type=\"heading.default\">\n\t\t\t\t<div class=\"elementor-widget-container\">\n\t\t\t\t\t<h1 class=\"elementor-heading-title elementor-size-default\">BPTMC - additive for producing innovative construction polycarbonates for modular constructions<\/h1>\t\t\t\t<\/div>\n\t\t\t\t<\/div>\n\t\t\t\t\t<\/div>\n\t\t\t\t<\/div>\n\t\t<div class=\"elementor-element elementor-element-e7af9ea e-flex e-con-boxed e-con e-parent\" data-id=\"e7af9ea\" data-element_type=\"container\" data-e-type=\"container\">\n\t\t\t\t\t<div class=\"e-con-inner\">\n\t\t<div class=\"elementor-element elementor-element-7ca9d02 e-con-full e-flex e-con e-child\" data-id=\"7ca9d02\" data-element_type=\"container\" data-e-type=\"container\" data-settings=\"{&quot;background_background&quot;:&quot;classic&quot;}\">\n\t\t<div class=\"elementor-element elementor-element-7e741dc e-con-full e-flex e-con e-child\" data-id=\"7e741dc\" data-element_type=\"container\" data-e-type=\"container\">\n\t\t\t\t<div class=\"elementor-element elementor-element-b293476 elementor-widget elementor-widget-image\" data-id=\"b293476\" data-element_type=\"widget\" data-e-type=\"widget\" data-widget_type=\"image.default\">\n\t\t\t\t<div class=\"elementor-widget-container\">\n\t\t\t\t\t\t\t\t\t\t\t\t\t\t\t<img decoding=\"async\" width=\"294\" height=\"140\" src=\"https:\/\/icso.lukasiewicz.gov.pl\/wp-content\/uploads\/sites\/34\/2024\/09\/dotacje_celowe.jpg\" class=\"attachment-medium size-medium wp-image-70090\" alt=\"\" srcset=\"https:\/\/icso.lukasiewicz.gov.pl\/wp-content\/uploads\/sites\/34\/2024\/09\/dotacje_celowe.jpg 294w, https:\/\/icso.lukasiewicz.gov.pl\/wp-content\/uploads\/sites\/34\/2024\/09\/dotacje_celowe-24x11.jpg 24w, https:\/\/icso.lukasiewicz.gov.pl\/wp-content\/uploads\/sites\/34\/2024\/09\/dotacje_celowe-36x17.jpg 36w, https:\/\/icso.lukasiewicz.gov.pl\/wp-content\/uploads\/sites\/34\/2024\/09\/dotacje_celowe-48x23.jpg 48w\" sizes=\"(max-width: 294px) 100vw, 294px\" \/>\t\t\t\t\t\t\t\t\t\t\t\t\t\t\t<\/div>\n\t\t\t\t<\/div>\n\t\t\t\t<div class=\"elementor-element elementor-element-fea6bc6 elementor-widget elementor-widget-text-editor\" data-id=\"fea6bc6\" data-element_type=\"widget\" data-e-type=\"widget\" data-widget_type=\"text-editor.default\">\n\t\t\t\t<div class=\"elementor-widget-container\">\n\t\t\t\t\t\t\t\t\t<p>PROJECT CO-FINANCED FROM THE STATE BUDGET<\/p><p>Acronym: PC-MODULE<br>Beneficiary name: \u0141ukasiewicz Research Network \u2013 Institute of Heavy Organic Synthesis \u201cBlachownia\u201d<br>Agreement number: 1\/\u0141-ICSO\/C\u0141\/2021<br>Project value: 1 597 387,50 z\u0142<br>State budget contribution: 1 118 171, 25 z\u0142<br>Duration: 01.06.2021 &#8211; 31.12.2023<\/p><p>Project carried out by:<\/p><ul><li>\u0141ukasiewicz Research Network \u2013 Institute of Heavy Organic Synthesis \u201cBlachownia\u201d<\/li><\/ul><h2>Project aim:<\/h2><p>The effect of the research works carried out within the project will be the technology to produce an additive to polycarbonates used for modular constructions, which will allow to broaden their application range and to produce them in accordance with low-carbon technology.<\/p>\t\t\t\t\t\t\t\t<\/div>\n\t\t\t\t<\/div>\n\t\t\t\t<\/div>\n\t\t\t\t<\/div>\n\t\t<div class=\"elementor-element elementor-element-8407899 e-con-full e-flex e-con e-child\" data-id=\"8407899\" data-element_type=\"container\" data-e-type=\"container\">\n\t\t<div class=\"elementor-element elementor-element-1d29ccc e-flex e-con-boxed e-con e-child\" data-id=\"1d29ccc\" data-element_type=\"container\" data-e-type=\"container\">\n\t\t\t\t\t<div class=\"e-con-inner\">\n\t\t\t\t<div class=\"elementor-element elementor-element-2893536 elementor-widget elementor-widget-heading\" data-id=\"2893536\" data-element_type=\"widget\" data-e-type=\"widget\" data-widget_type=\"heading.default\">\n\t\t\t\t<div class=\"elementor-widget-container\">\n\t\t\t\t\t<h3 class=\"elementor-heading-title elementor-size-default\">Contact<\/h3>\t\t\t\t<\/div>\n\t\t\t\t<\/div>\n\t\t\t\t\t<\/div>\n\t\t\t\t<\/div>\n\t\t<div class=\"elementor-element elementor-element-acb86f3 e-grid e-con-boxed e-con e-child\" data-id=\"acb86f3\" data-element_type=\"container\" data-e-type=\"container\" data-settings=\"{&quot;background_background&quot;:&quot;classic&quot;}\">\n\t\t\t\t\t<div class=\"e-con-inner\">\n\t\t\t\t<div class=\"elementor-element elementor-element-cf91589 elementor-widget elementor-widget-text-editor\" data-id=\"cf91589\" data-element_type=\"widget\" data-e-type=\"widget\" data-widget_type=\"text-editor.default\">\n\t\t\t\t<div class=\"elementor-widget-container\">\n\t\t\t\t\t\t\t\t\t<p><strong>Katarzyna Zieli\u0144ska, PhD Eng. <\/strong><\/p><p>tel. +48 665 661 145<br>+48 77 487 31 80<br>e-mail: katarzyna.zielinska@icso.lukasiewicz.gov.pl<\/p>\t\t\t\t\t\t\t\t<\/div>\n\t\t\t\t<\/div>\n\t\t\t\t<div class=\"elementor-element elementor-element-f145a12 elementor-widget elementor-widget-text-editor\" data-id=\"f145a12\" data-element_type=\"widget\" data-e-type=\"widget\" data-widget_type=\"text-editor.default\">\n\t\t\t\t<div class=\"elementor-widget-container\">\n\t\t\t\t\t\t\t\t\t<p><strong>Iwona Piebiak, M.A.<\/strong><\/p><p>tel: +48 77 487 31 60<br>e-mail: iwona.piebiak@icso.lukasiewicz.gov.pl<\/p>\t\t\t\t\t\t\t\t<\/div>\n\t\t\t\t<\/div>\n\t\t\t\t\t<\/div>\n\t\t\t\t<\/div>\n\t\t\t\t<\/div>\n\t\t\t\t\t<\/div>\n\t\t\t\t<\/div>\n\t\t\t\t<\/div>\n\t\t","protected":false},"excerpt":{"rendered":"<p>BPTMC &#8211; additive for producing innovative construction polycarbonates for modular constructions PROJECT CO-FINANCED FROM THE STATE BUDGET Acronym: PC-MODULEBeneficiary name: \u0141ukasiewicz Research Network \u2013 Institute of Heavy Organic Synthesis \u201cBlachownia\u201dAgreement number: 1\/\u0141-ICSO\/C\u0141\/2021Project value: 1 597 387,50 z\u0142State budget contribution: 1 118 171, 25 z\u0142Duration: 01.06.2021 &#8211; 31.12.2023 Project carried out by: \u0141ukasiewicz Research Network \u2013 [&hellip;]<\/p>\n","protected":false},"author":228,"featured_media":0,"parent":70089,"menu_order":0,"comment_status":"closed","ping_status":"closed","template":"","meta":{"_acf_changed":false,"_seopress_robots_primary_cat":"","_seopress_titles_title":"","_seopress_titles_desc":"","_seopress_robots_index":"","inline_featured_image":false,"footnotes":""},"class_list":["post-70360","page","type-page","status-publish","hentry"],"acf":[],"publishpress_future_action":{"enabled":false,"date":"2026-04-14 14:02:12","action":"change-status","newStatus":"draft","terms":[],"taxonomy":"translation_priority","extraData":[]},"publishpress_future_workflow_manual_trigger":{"enabledWorkflows":[]},"_links":{"self":[{"href":"https:\/\/icso.lukasiewicz.gov.pl\/en\/wp-json\/wp\/v2\/pages\/70360","targetHints":{"allow":["GET"]}}],"collection":[{"href":"https:\/\/icso.lukasiewicz.gov.pl\/en\/wp-json\/wp\/v2\/pages"}],"about":[{"href":"https:\/\/icso.lukasiewicz.gov.pl\/en\/wp-json\/wp\/v2\/types\/page"}],"author":[{"embeddable":true,"href":"https:\/\/icso.lukasiewicz.gov.pl\/en\/wp-json\/wp\/v2\/users\/228"}],"replies":[{"embeddable":true,"href":"https:\/\/icso.lukasiewicz.gov.pl\/en\/wp-json\/wp\/v2\/comments?post=70360"}],"version-history":[{"count":5,"href":"https:\/\/icso.lukasiewicz.gov.pl\/en\/wp-json\/wp\/v2\/pages\/70360\/revisions"}],"predecessor-version":[{"id":70373,"href":"https:\/\/icso.lukasiewicz.gov.pl\/en\/wp-json\/wp\/v2\/pages\/70360\/revisions\/70373"}],"up":[{"embeddable":true,"href":"https:\/\/icso.lukasiewicz.gov.pl\/en\/wp-json\/wp\/v2\/pages\/70089"}],"wp:attachment":[{"href":"https:\/\/icso.lukasiewicz.gov.pl\/en\/wp-json\/wp\/v2\/media?parent=70360"}],"curies":[{"name":"wp","href":"https:\/\/api.w.org\/{rel}","templated":true}]}}