{"id":70145,"date":"2025-03-05T12:41:22","date_gmt":"2025-03-05T11:41:22","guid":{"rendered":"https:\/\/icso.lukasiewicz.gov.pl\/meet-us\/chief-accountant\/"},"modified":"2025-07-23T13:56:46","modified_gmt":"2025-07-23T11:56:46","slug":"chief-accountant","status":"publish","type":"page","link":"https:\/\/icso.lukasiewicz.gov.pl\/en\/meet-us\/chief-accountant\/","title":{"rendered":"Chief Accountant"},"content":{"rendered":"\t\t<div data-elementor-type=\"wp-page\" data-elementor-id=\"70145\" class=\"elementor elementor-70145 elementor-66987\" data-elementor-post-type=\"page\">\n\t\t\t\t<div class=\"elementor-element elementor-element-25d8853 e-flex e-con-boxed e-con e-parent\" data-id=\"25d8853\" data-element_type=\"container\" data-e-type=\"container\">\n\t\t\t\t\t<div class=\"e-con-inner\">\n\t\t\t\t<div class=\"elementor-element elementor-element-0ef5021 elementor-widget elementor-widget-heading\" data-id=\"0ef5021\" data-element_type=\"widget\" data-e-type=\"widget\" data-widget_type=\"heading.default\">\n\t\t\t\t<div class=\"elementor-widget-container\">\n\t\t\t\t\t<h2 class=\"elementor-heading-title elementor-size-default\">Chief Accountant<\/h2>\t\t\t\t<\/div>\n\t\t\t\t<\/div>\n\t\t\t\t\t<\/div>\n\t\t\t\t<\/div>\n\t\t<div class=\"elementor-element elementor-element-1c363e2 e-flex e-con-boxed e-con e-parent\" data-id=\"1c363e2\" data-element_type=\"container\" data-e-type=\"container\">\n\t\t\t\t\t<div class=\"e-con-inner\">\n\t\t<div class=\"elementor-element elementor-element-9a1a827 e-con-full e-flex e-con e-child\" data-id=\"9a1a827\" data-element_type=\"container\" data-e-type=\"container\">\n\t\t\t\t<div class=\"elementor-element elementor-element-3945a13 elementor-widget elementor-widget-image\" data-id=\"3945a13\" data-element_type=\"widget\" data-e-type=\"widget\" data-widget_type=\"image.default\">\n\t\t\t\t<div class=\"elementor-widget-container\">\n\t\t\t\t\t\t\t\t\t\t\t\t\t\t\t<img fetchpriority=\"high\" decoding=\"async\" width=\"300\" height=\"300\" src=\"https:\/\/icso.lukasiewicz.gov.pl\/wp-content\/uploads\/sites\/34\/2025\/03\/Lukasz-Kida-Glowny-Ksiegowy-300x300.jpg\" class=\"attachment-medium size-medium wp-image-66991\" alt=\"\" srcset=\"https:\/\/icso.lukasiewicz.gov.pl\/wp-content\/uploads\/sites\/34\/2025\/03\/Lukasz-Kida-Glowny-Ksiegowy-300x300.jpg 300w, https:\/\/icso.lukasiewicz.gov.pl\/wp-content\/uploads\/sites\/34\/2025\/03\/Lukasz-Kida-Glowny-Ksiegowy-1024x1024.jpg 1024w, https:\/\/icso.lukasiewicz.gov.pl\/wp-content\/uploads\/sites\/34\/2025\/03\/Lukasz-Kida-Glowny-Ksiegowy-150x150.jpg 150w, https:\/\/icso.lukasiewicz.gov.pl\/wp-content\/uploads\/sites\/34\/2025\/03\/Lukasz-Kida-Glowny-Ksiegowy-768x768.jpg 768w, https:\/\/icso.lukasiewicz.gov.pl\/wp-content\/uploads\/sites\/34\/2025\/03\/Lukasz-Kida-Glowny-Ksiegowy-1536x1536.jpg 1536w, https:\/\/icso.lukasiewicz.gov.pl\/wp-content\/uploads\/sites\/34\/2025\/03\/Lukasz-Kida-Glowny-Ksiegowy-2048x2048.jpg 2048w, https:\/\/icso.lukasiewicz.gov.pl\/wp-content\/uploads\/sites\/34\/2025\/03\/Lukasz-Kida-Glowny-Ksiegowy-1000x1000.jpg 1000w, https:\/\/icso.lukasiewicz.gov.pl\/wp-content\/uploads\/sites\/34\/2025\/03\/Lukasz-Kida-Glowny-Ksiegowy-1200x1200.jpg 1200w, https:\/\/icso.lukasiewicz.gov.pl\/wp-content\/uploads\/sites\/34\/2025\/03\/Lukasz-Kida-Glowny-Ksiegowy-1980x1980.jpg 1980w, https:\/\/icso.lukasiewicz.gov.pl\/wp-content\/uploads\/sites\/34\/2025\/03\/Lukasz-Kida-Glowny-Ksiegowy-24x24.jpg 24w, https:\/\/icso.lukasiewicz.gov.pl\/wp-content\/uploads\/sites\/34\/2025\/03\/Lukasz-Kida-Glowny-Ksiegowy-36x36.jpg 36w, https:\/\/icso.lukasiewicz.gov.pl\/wp-content\/uploads\/sites\/34\/2025\/03\/Lukasz-Kida-Glowny-Ksiegowy-48x48.jpg 48w\" sizes=\"(max-width: 300px) 100vw, 300px\" \/>\t\t\t\t\t\t\t\t\t\t\t\t\t\t\t<\/div>\n\t\t\t\t<\/div>\n\t\t\t\t<div class=\"elementor-element elementor-element-c28bf81 elementor-widget elementor-widget-spacer\" data-id=\"c28bf81\" data-element_type=\"widget\" data-e-type=\"widget\" data-widget_type=\"spacer.default\">\n\t\t\t\t<div class=\"elementor-widget-container\">\n\t\t\t\t\t\t\t<div class=\"elementor-spacer\">\n\t\t\t<div class=\"elementor-spacer-inner\"><\/div>\n\t\t<\/div>\n\t\t\t\t\t\t<\/div>\n\t\t\t\t<\/div>\n\t\t\t\t<div class=\"elementor-element elementor-element-14b0bcc elementor-widget elementor-widget-text-editor\" data-id=\"14b0bcc\" data-element_type=\"widget\" data-e-type=\"widget\" data-widget_type=\"text-editor.default\">\n\t\t\t\t<div class=\"elementor-widget-container\">\n\t\t\t\t\t\t\t\t\t<h4>Contact<\/h4><p>tel.: 77 487 34 07<br>e-mail: <a href=\"mailto:lukasz.kida@icso.lukasiewicz.gov.pl\">lukasz.kida@icso.lukasiewicz.gov.pl<\/a><\/p>\t\t\t\t\t\t\t\t<\/div>\n\t\t\t\t<\/div>\n\t\t\t\t<\/div>\n\t\t<div class=\"elementor-element elementor-element-2505b54 e-con-full e-flex e-con e-child\" data-id=\"2505b54\" data-element_type=\"container\" data-e-type=\"container\">\n\t\t\t\t<div class=\"elementor-element elementor-element-32f58b4 elementor-widget elementor-widget-heading\" data-id=\"32f58b4\" data-element_type=\"widget\" data-e-type=\"widget\" data-widget_type=\"heading.default\">\n\t\t\t\t<div class=\"elementor-widget-container\">\n\t\t\t\t\t<h3 class=\"elementor-heading-title elementor-size-default\">\u0141ukasz Kida, M.A.<\/h3>\t\t\t\t<\/div>\n\t\t\t\t<\/div>\n\t\t\t\t<div class=\"elementor-element elementor-element-b9a1176 elementor-widget elementor-widget-text-editor\" data-id=\"b9a1176\" data-element_type=\"widget\" data-e-type=\"widget\" data-widget_type=\"text-editor.default\">\n\t\t\t\t<div class=\"elementor-widget-container\">\n\t\t\t\t\t\t\t\t\t<p>\u0141ukasz Kida, M.A., started working at \u0141ukasiewicz \u2013 ICSO &#8220;Blachownia&#8221; in 2010 in the Accounting Department as an Accounting Specialist. He became the Deputy Chief Accountant two years later and after took over the management of the Finance and Controlling Department, and then the Planning and Controlling Section, simultaneously serving as the Deputy Chief Accountant. <\/p><p>He obtained his education in finance and accounting at the Rzesz\u00f3w University of Technology. At the same time, he completed studies specializing in foreign trade at the University of Economics in Krakow. In 2012, he completed his doctoral studies and obtained a diploma in finance at the Wroc\u0142aw University of Economics.  <\/p><p>Additionally, he obtained a certificate in the field of Transfer Pricing &#8211; International Transfer Pricing Expert issued by The Institute of International TAX Law and Finance. His main professional interests focus on modern forms of cost management. <\/p><p>He took up the position of Chief Accountant on March 1, 2024.<\/p>\t\t\t\t\t\t\t\t<\/div>\n\t\t\t\t<\/div>\n\t\t\t\t<\/div>\n\t\t\t\t\t<\/div>\n\t\t\t\t<\/div>\n\t\t\t\t<\/div>\n\t\t","protected":false},"excerpt":{"rendered":"<p>Chief Accountant Contact tel.: 77 487 34 07e-mail: lukasz.kida@icso.lukasiewicz.gov.pl \u0141ukasz Kida, M.A. \u0141ukasz Kida, M.A., started working at \u0141ukasiewicz \u2013 ICSO &#8220;Blachownia&#8221; in 2010 in the Accounting Department as an Accounting Specialist. He became the Deputy Chief Accountant two years later and after took over the management of the Finance and Controlling Department, and then [&hellip;]<\/p>\n","protected":false},"author":228,"featured_media":0,"parent":69309,"menu_order":0,"comment_status":"closed","ping_status":"closed","template":"","meta":{"_acf_changed":false,"_seopress_robots_primary_cat":"","_seopress_titles_title":"","_seopress_titles_desc":"","_seopress_robots_index":"","inline_featured_image":false,"footnotes":""},"class_list":["post-70145","page","type-page","status-publish","hentry"],"acf":[],"publishpress_future_action":{"enabled":false,"date":"2026-04-13 09:51:17","action":"change-status","newStatus":"draft","terms":[],"taxonomy":"translation_priority","extraData":[]},"publishpress_future_workflow_manual_trigger":{"enabledWorkflows":[]},"_links":{"self":[{"href":"https:\/\/icso.lukasiewicz.gov.pl\/en\/wp-json\/wp\/v2\/pages\/70145","targetHints":{"allow":["GET"]}}],"collection":[{"href":"https:\/\/icso.lukasiewicz.gov.pl\/en\/wp-json\/wp\/v2\/pages"}],"about":[{"href":"https:\/\/icso.lukasiewicz.gov.pl\/en\/wp-json\/wp\/v2\/types\/page"}],"author":[{"embeddable":true,"href":"https:\/\/icso.lukasiewicz.gov.pl\/en\/wp-json\/wp\/v2\/users\/228"}],"replies":[{"embeddable":true,"href":"https:\/\/icso.lukasiewicz.gov.pl\/en\/wp-json\/wp\/v2\/comments?post=70145"}],"version-history":[{"count":2,"href":"https:\/\/icso.lukasiewicz.gov.pl\/en\/wp-json\/wp\/v2\/pages\/70145\/revisions"}],"predecessor-version":[{"id":70147,"href":"https:\/\/icso.lukasiewicz.gov.pl\/en\/wp-json\/wp\/v2\/pages\/70145\/revisions\/70147"}],"up":[{"embeddable":true,"href":"https:\/\/icso.lukasiewicz.gov.pl\/en\/wp-json\/wp\/v2\/pages\/69309"}],"wp:attachment":[{"href":"https:\/\/icso.lukasiewicz.gov.pl\/en\/wp-json\/wp\/v2\/media?parent=70145"}],"curies":[{"name":"wp","href":"https:\/\/api.w.org\/{rel}","templated":true}]}}