{"id":70142,"date":"2025-07-09T10:42:25","date_gmt":"2025-07-09T08:42:25","guid":{"rendered":"https:\/\/icso.lukasiewicz.gov.pl\/meet-us\/director-for-research-and-commercialization\/"},"modified":"2025-12-18T10:45:58","modified_gmt":"2025-12-18T09:45:58","slug":"deputy-director-for-research-and-commercialization","status":"publish","type":"page","link":"https:\/\/icso.lukasiewicz.gov.pl\/en\/meet-us\/deputy-director-for-research-and-commercialization\/","title":{"rendered":"Deputy Director for Research and Commercialization"},"content":{"rendered":"\t\t<div data-elementor-type=\"wp-page\" data-elementor-id=\"70142\" class=\"elementor elementor-70142 elementor-69609\" data-elementor-post-type=\"page\">\n\t\t\t\t<div class=\"elementor-element elementor-element-e5a1d59 e-flex e-con-boxed e-con e-parent\" data-id=\"e5a1d59\" data-element_type=\"container\" data-e-type=\"container\">\n\t\t\t\t\t<div class=\"e-con-inner\">\n\t\t\t\t<div class=\"elementor-element elementor-element-c08a2d1 elementor-widget elementor-widget-heading\" data-id=\"c08a2d1\" data-element_type=\"widget\" data-e-type=\"widget\" data-widget_type=\"heading.default\">\n\t\t\t\t<div class=\"elementor-widget-container\">\n\t\t\t\t\t<h2 class=\"elementor-heading-title elementor-size-default\">Deputy Director for Research and Commercialization <\/h2>\t\t\t\t<\/div>\n\t\t\t\t<\/div>\n\t\t\t\t\t<\/div>\n\t\t\t\t<\/div>\n\t\t<div class=\"elementor-element elementor-element-1013be3 e-flex e-con-boxed e-con e-parent\" data-id=\"1013be3\" data-element_type=\"container\" data-e-type=\"container\">\n\t\t\t\t\t<div class=\"e-con-inner\">\n\t\t<div class=\"elementor-element elementor-element-35b293d e-con-full e-flex e-con e-child\" data-id=\"35b293d\" data-element_type=\"container\" data-e-type=\"container\">\n\t\t\t\t<div class=\"elementor-element elementor-element-2e98b61 elementor-widget elementor-widget-image\" data-id=\"2e98b61\" data-element_type=\"widget\" data-e-type=\"widget\" data-widget_type=\"image.default\">\n\t\t\t\t<div class=\"elementor-widget-container\">\n\t\t\t\t\t\t\t\t\t\t\t\t\t\t\t<img fetchpriority=\"high\" decoding=\"async\" width=\"250\" height=\"250\" src=\"https:\/\/icso.lukasiewicz.gov.pl\/wp-content\/uploads\/sites\/34\/2025\/07\/jolanta_ilowska.jpg\" class=\"attachment-medium size-medium wp-image-69617\" alt=\"Fotografia Jolanta I\u0142owska\" srcset=\"https:\/\/icso.lukasiewicz.gov.pl\/wp-content\/uploads\/sites\/34\/2025\/07\/jolanta_ilowska.jpg 250w, https:\/\/icso.lukasiewicz.gov.pl\/wp-content\/uploads\/sites\/34\/2025\/07\/jolanta_ilowska-150x150.jpg 150w, https:\/\/icso.lukasiewicz.gov.pl\/wp-content\/uploads\/sites\/34\/2025\/07\/jolanta_ilowska-24x24.jpg 24w, https:\/\/icso.lukasiewicz.gov.pl\/wp-content\/uploads\/sites\/34\/2025\/07\/jolanta_ilowska-36x36.jpg 36w, https:\/\/icso.lukasiewicz.gov.pl\/wp-content\/uploads\/sites\/34\/2025\/07\/jolanta_ilowska-48x48.jpg 48w\" sizes=\"(max-width: 250px) 100vw, 250px\" \/>\t\t\t\t\t\t\t\t\t\t\t\t\t\t\t<\/div>\n\t\t\t\t<\/div>\n\t\t\t\t<div class=\"elementor-element elementor-element-ade33d6 elementor-widget elementor-widget-spacer\" data-id=\"ade33d6\" data-element_type=\"widget\" data-e-type=\"widget\" data-widget_type=\"spacer.default\">\n\t\t\t\t<div class=\"elementor-widget-container\">\n\t\t\t\t\t\t\t<div class=\"elementor-spacer\">\n\t\t\t<div class=\"elementor-spacer-inner\"><\/div>\n\t\t<\/div>\n\t\t\t\t\t\t<\/div>\n\t\t\t\t<\/div>\n\t\t\t\t<div class=\"elementor-element elementor-element-80158a0 elementor-widget elementor-widget-text-editor\" data-id=\"80158a0\" data-element_type=\"widget\" data-e-type=\"widget\" data-widget_type=\"text-editor.default\">\n\t\t\t\t<div class=\"elementor-widget-container\">\n\t\t\t\t\t\t\t\t\t<h4>Contact<\/h4><p>tel.: 77 487 31 97<br>e-mail: <a href=\"mailto:jolanta.ilowska@icso.lukasiewicz.gov.pl\">jolanta.ilowska@icso.lukasiewicz.gov.pl<\/a><\/p>\t\t\t\t\t\t\t\t<\/div>\n\t\t\t\t<\/div>\n\t\t\t\t<\/div>\n\t\t<div class=\"elementor-element elementor-element-bf45292 e-con-full e-flex e-con e-child\" data-id=\"bf45292\" data-element_type=\"container\" data-e-type=\"container\">\n\t\t\t\t<div class=\"elementor-element elementor-element-46e3b8f elementor-widget elementor-widget-heading\" data-id=\"46e3b8f\" data-element_type=\"widget\" data-e-type=\"widget\" data-widget_type=\"heading.default\">\n\t\t\t\t<div class=\"elementor-widget-container\">\n\t\t\t\t\t<h3 class=\"elementor-heading-title elementor-size-default\">Jolanta I\u0142owska, PhD Eng.  <\/h3>\t\t\t\t<\/div>\n\t\t\t\t<\/div>\n\t\t\t\t<div class=\"elementor-element elementor-element-040fd3f elementor-widget elementor-widget-text-editor\" data-id=\"040fd3f\" data-element_type=\"widget\" data-e-type=\"widget\" data-widget_type=\"text-editor.default\">\n\t\t\t\t<div class=\"elementor-widget-container\">\n\t\t\t\t\t\t\t\t\t<p>Jolanta I\u0142owska, PhD Eng., graduated in 1989 from the Faculty of Chemistry at Wroc\u0142aw University of Technology with a Master\u2019s degree. She started working at the Institute of Heavy Organic Synthesis &#8220;Blachownia&#8221; in 1996. Since 2005, she has held the position of head (and later leader) of the Department of Specialty Chemicals, which was subsequently renamed the Specialty Chemistry Research Group. She earned her PhD in technical sciences from the Institute of Industrial Chemistry in Warsaw in 2002 and her postdoctoral degree in 2017 from the Cracow University of Technology.<\/p><p>In 2009, she completed postgraduate studies in technology commercialisation at the University of \u0141\u00f3d\u017a. She is an NCBR (National Centre for Research and Development) expert for the evaluation of applications for R&amp;D and structural projects.   <\/p><p>She is the author and co-author of almost 70 scientific publications, 60 conference presentations, 72 patents and 5 patent applications, numerous implementations and the recipient of numerous awards.<\/p><p>She took on the role of Deputy Director for Research and Commercialization on June 12, 2025. <\/p>\t\t\t\t\t\t\t\t<\/div>\n\t\t\t\t<\/div>\n\t\t\t\t<\/div>\n\t\t\t\t\t<\/div>\n\t\t\t\t<\/div>\n\t\t\t\t<\/div>\n\t\t","protected":false},"excerpt":{"rendered":"<p>Deputy Director for Research and Commercialization Contact tel.: 77 487 31 97e-mail: jolanta.ilowska@icso.lukasiewicz.gov.pl Jolanta I\u0142owska, PhD Eng. Jolanta I\u0142owska, PhD Eng., graduated in 1989 from the Faculty of Chemistry at Wroc\u0142aw University of Technology with a Master\u2019s degree. She started working at the Institute of Heavy Organic Synthesis &#8220;Blachownia&#8221; in 1996. Since 2005, she has [&hellip;]<\/p>\n","protected":false},"author":228,"featured_media":0,"parent":69309,"menu_order":0,"comment_status":"closed","ping_status":"closed","template":"","meta":{"_acf_changed":false,"_seopress_robots_primary_cat":"","_seopress_titles_title":"","_seopress_titles_desc":"","_seopress_robots_index":"","inline_featured_image":false,"footnotes":""},"class_list":["post-70142","page","type-page","status-publish","hentry"],"acf":[],"publishpress_future_action":{"enabled":false,"date":"2026-04-13 09:52:04","action":"change-status","newStatus":"draft","terms":[],"taxonomy":"translation_priority","extraData":[]},"publishpress_future_workflow_manual_trigger":{"enabledWorkflows":[]},"_links":{"self":[{"href":"https:\/\/icso.lukasiewicz.gov.pl\/en\/wp-json\/wp\/v2\/pages\/70142","targetHints":{"allow":["GET"]}}],"collection":[{"href":"https:\/\/icso.lukasiewicz.gov.pl\/en\/wp-json\/wp\/v2\/pages"}],"about":[{"href":"https:\/\/icso.lukasiewicz.gov.pl\/en\/wp-json\/wp\/v2\/types\/page"}],"author":[{"embeddable":true,"href":"https:\/\/icso.lukasiewicz.gov.pl\/en\/wp-json\/wp\/v2\/users\/228"}],"replies":[{"embeddable":true,"href":"https:\/\/icso.lukasiewicz.gov.pl\/en\/wp-json\/wp\/v2\/comments?post=70142"}],"version-history":[{"count":5,"href":"https:\/\/icso.lukasiewicz.gov.pl\/en\/wp-json\/wp\/v2\/pages\/70142\/revisions"}],"predecessor-version":[{"id":71642,"href":"https:\/\/icso.lukasiewicz.gov.pl\/en\/wp-json\/wp\/v2\/pages\/70142\/revisions\/71642"}],"up":[{"embeddable":true,"href":"https:\/\/icso.lukasiewicz.gov.pl\/en\/wp-json\/wp\/v2\/pages\/69309"}],"wp:attachment":[{"href":"https:\/\/icso.lukasiewicz.gov.pl\/en\/wp-json\/wp\/v2\/media?parent=70142"}],"curies":[{"name":"wp","href":"https:\/\/api.w.org\/{rel}","templated":true}]}}