{"id":70011,"date":"2025-01-09T11:27:53","date_gmt":"2025-01-09T10:27:53","guid":{"rendered":"https:\/\/icso.lukasiewicz.gov.pl\/offer\/specialized-technologies-and-products\/new-concept-of-contact-free-cosmetic-dispensing-system-with-innovative-needs-based-safety-product-formulation\/"},"modified":"2025-07-17T13:41:07","modified_gmt":"2025-07-17T11:41:07","slug":"new-concept-of-contact-free-cosmetic-dispensing-system-with-innovative-needs-based-safety-product-formulation","status":"publish","type":"page","link":"https:\/\/icso.lukasiewicz.gov.pl\/en\/offer\/specialized-technologies-and-products\/new-concept-of-contact-free-cosmetic-dispensing-system-with-innovative-needs-based-safety-product-formulation\/","title":{"rendered":"New concept of contact-free cosmetic dispensing system with innovative, needs-based safety product formulation"},"content":{"rendered":"\t\t<div data-elementor-type=\"wp-page\" data-elementor-id=\"70011\" class=\"elementor elementor-70011 elementor-65361\" data-elementor-post-type=\"page\">\n\t\t\t\t<div class=\"elementor-element elementor-element-17c3f2a e-flex e-con-boxed e-con e-parent\" data-id=\"17c3f2a\" data-element_type=\"container\" data-e-type=\"container\">\n\t\t\t\t\t<div class=\"e-con-inner\">\n\t\t\t\t<div class=\"elementor-element elementor-element-ecd8584 elementor-widget elementor-widget-heading\" data-id=\"ecd8584\" data-element_type=\"widget\" data-e-type=\"widget\" data-widget_type=\"heading.default\">\n\t\t\t\t<div class=\"elementor-widget-container\">\n\t\t\t\t\t<h2 class=\"elementor-heading-title elementor-size-default\">New concept of contact-free cosmetic dispensing system with innovative, needs-based safety product formulation<\/h2>\t\t\t\t<\/div>\n\t\t\t\t<\/div>\n\t\t\t\t<div class=\"elementor-element elementor-element-b1aeca9 elementor-widget elementor-widget-heading\" data-id=\"b1aeca9\" data-element_type=\"widget\" data-e-type=\"widget\" data-widget_type=\"heading.default\">\n\t\t\t\t<div class=\"elementor-widget-container\">\n\t\t\t\t\t<h3 class=\"elementor-heading-title elementor-size-default\">Handwashing preparation and method of application <br>of the handwashing preparation<\/h3>\t\t\t\t<\/div>\n\t\t\t\t<\/div>\n\t\t\t\t<div class=\"elementor-element elementor-element-cc4d5b2 elementor-widget elementor-widget-text-editor\" data-id=\"cc4d5b2\" data-element_type=\"widget\" data-e-type=\"widget\" data-widget_type=\"text-editor.default\">\n\t\t\t\t<div class=\"elementor-widget-container\">\n\t\t\t\t\t\t\t\t\t<p><strong>Cosmetic with hydrophobic minerals, based on natural surfactants <\/strong> (sodium, potassium or ammonium alkyl sulphates; sodium, potassium or ammonium soaps; sodium, potassium or ammonium alkylglutamates) for a touchless dispensing system<\/p><p>Patent application no. P.442568 &#8211; decision to grant patent 25.06.2024.<\/p><p><strong>Entitled to patents:<\/strong><\/p><p>\u0141ukasiewicz Research Network &#8211; Institute of Heavy Organic Synthesis &#8220;Blachownia&#8221;, K\u0119dzierzyn-Ko\u017ale,<\/p><p>CosMedChem Tomasz Wasilewski, Radom.<\/p>\t\t\t\t\t\t\t\t<\/div>\n\t\t\t\t<\/div>\n\t\t\t\t<div class=\"elementor-element elementor-element-9ae523c elementor-widget elementor-widget-heading\" data-id=\"9ae523c\" data-element_type=\"widget\" data-e-type=\"widget\" data-widget_type=\"heading.default\">\n\t\t\t\t<div class=\"elementor-widget-container\">\n\t\t\t\t\t<h3 class=\"elementor-heading-title elementor-size-default\">Handwashing preparation and method of application <br>of the handwashing preparation<\/h3>\t\t\t\t<\/div>\n\t\t\t\t<\/div>\n\t\t\t\t<div class=\"elementor-element elementor-element-91ef7b8 elementor-widget elementor-widget-text-editor\" data-id=\"91ef7b8\" data-element_type=\"widget\" data-e-type=\"widget\" data-widget_type=\"text-editor.default\">\n\t\t\t\t<div class=\"elementor-widget-container\">\n\t\t\t\t\t\t\t\t\t<p><strong>Handwashing preparation and method of application of the handwashing preparation<br>Cosmetic with hydrophobic minerals, based on mild surfactants <\/strong> (sodium, potassium or ammonium alkoyltaurates; sodium, potassium or ammonium alkoylsarcosinates; sodium, potassium or ammonium alkoylisethionates) intended for a touchless dispensing system<\/p><p>Patent application no. P.442565 &#8211; decision to grant patent 25.06.2024.<\/p><p><strong>Entitled to patents:<\/strong><\/p><p>\u0141ukasiewicz Research Network &#8211; Institute of Heavy Organic Synthesis &#8220;Blachownia&#8221;, K\u0119dzierzyn-Ko\u017ale,<\/p><p>CosMedChem Tomasz Wasilewski, Radom, Polska<\/p>\t\t\t\t\t\t\t\t<\/div>\n\t\t\t\t<\/div>\n\t\t\t\t<div class=\"elementor-element elementor-element-2c1d6e4 elementor-widget elementor-widget-heading\" data-id=\"2c1d6e4\" data-element_type=\"widget\" data-e-type=\"widget\" data-widget_type=\"heading.default\">\n\t\t\t\t<div class=\"elementor-widget-container\">\n\t\t\t\t\t<h3 class=\"elementor-heading-title elementor-size-default\">Handwashing preparation and method of application <br>of the handwashing preparation<\/h3>\t\t\t\t<\/div>\n\t\t\t\t<\/div>\n\t\t\t\t<div class=\"elementor-element elementor-element-4fc171e elementor-widget elementor-widget-text-editor\" data-id=\"4fc171e\" data-element_type=\"widget\" data-e-type=\"widget\" data-widget_type=\"text-editor.default\">\n\t\t\t\t<div class=\"elementor-widget-container\">\n\t\t\t\t\t\t\t\t\t<p><strong>Antibacterial cosmetic, based on natural surfactants <\/strong> (sodium, potassium or ammonium alkyl sulphates; sodium, potassium or ammonium soaps; sodium, potassium or ammonium alkoylglutamates) designed for a touchless dispensing system.<\/p><p>Patent application no. P.442566 &#8211; decision to grant patent 25.06.2024.<\/p><p><strong>Entitled to patents:<\/strong><\/p><p>\u0141ukasiewicz Research Network &#8211; Institute of Heavy Organic Synthesis &#8220;Blachownia&#8221;, K\u0119dzierzyn-Ko\u017ale,<\/p><p>CosMedChem Tomasz Wasilewski, Radom, Polska<\/p>\t\t\t\t\t\t\t\t<\/div>\n\t\t\t\t<\/div>\n\t\t\t\t<div class=\"elementor-element elementor-element-1f2f1cf elementor-widget elementor-widget-heading\" data-id=\"1f2f1cf\" data-element_type=\"widget\" data-e-type=\"widget\" data-widget_type=\"heading.default\">\n\t\t\t\t<div class=\"elementor-widget-container\">\n\t\t\t\t\t<h3 class=\"elementor-heading-title elementor-size-default\">Handwashing preparation and method of application <br>of the handwashing preparation<\/h3>\t\t\t\t<\/div>\n\t\t\t\t<\/div>\n\t\t\t\t<div class=\"elementor-element elementor-element-b8be75d elementor-widget elementor-widget-text-editor\" data-id=\"b8be75d\" data-element_type=\"widget\" data-e-type=\"widget\" data-widget_type=\"text-editor.default\">\n\t\t\t\t<div class=\"elementor-widget-container\">\n\t\t\t\t\t\t\t\t\t<p><strong>Antibacterial cosmetic, based on mild surfactants <\/strong> (sodium, potassium or ammonium alkoyltaurates; sodium, potassium or ammonium alkoylsarcosinates; sodium, potassium or ammonium alkoylisethionates) designed for a touchless dispensing system.<\/p><p>Patent application no. P.442561 &#8211; decision to grant patent 25.06.2024.<\/p><p><strong>Entitled to patents:<\/strong><\/p><p>\u0141ukasiewicz Research Network &#8211; Institute of Heavy Organic Synthesis &#8220;Blachownia&#8221;, K\u0119dzierzyn-Ko\u017ale,<\/p><p>CosMedChem Tomasz Wasilewski, Radom, Polska<\/p>\t\t\t\t\t\t\t\t<\/div>\n\t\t\t\t<\/div>\n\t\t\t\t<div class=\"elementor-element elementor-element-6a3e859 elementor-widget elementor-widget-heading\" data-id=\"6a3e859\" data-element_type=\"widget\" data-e-type=\"widget\" data-widget_type=\"heading.default\">\n\t\t\t\t<div class=\"elementor-widget-container\">\n\t\t\t\t\t<h3 class=\"elementor-heading-title elementor-size-default\">Handwashing preparation and method of application <br>of the handwashing preparation<\/h3>\t\t\t\t<\/div>\n\t\t\t\t<\/div>\n\t\t\t\t<div class=\"elementor-element elementor-element-d09cc20 elementor-widget elementor-widget-text-editor\" data-id=\"d09cc20\" data-element_type=\"widget\" data-e-type=\"widget\" data-widget_type=\"text-editor.default\">\n\t\t\t\t<div class=\"elementor-widget-container\">\n\t\t\t\t\t\t\t\t\t<p><strong>A cosmetic based on natural surfactants<\/strong> (sodium, potassium or ammonium alkyl sulphates; sodium, potassium or ammonium soaps; sodium, potassium or ammonium alkoylglutamates) using an extract, designed for a touchless dispensing system.<\/p><p>Patent application no. P.442564 &#8211; decision to grant patent 25.06.2024.<\/p><p><strong>Entitled to patents:<\/strong><\/p><p>\u0141ukasiewicz Research Network &#8211; Institute of Heavy Organic Synthesis &#8220;Blachownia&#8221;, K\u0119dzierzyn-Ko\u017ale,<\/p><p>CosMedChem Tomasz Wasilewski, Radom, Polska<\/p>\t\t\t\t\t\t\t\t<\/div>\n\t\t\t\t<\/div>\n\t\t\t\t<div class=\"elementor-element elementor-element-8ea0586 elementor-widget elementor-widget-heading\" data-id=\"8ea0586\" data-element_type=\"widget\" data-e-type=\"widget\" data-widget_type=\"heading.default\">\n\t\t\t\t<div class=\"elementor-widget-container\">\n\t\t\t\t\t<h3 class=\"elementor-heading-title elementor-size-default\">Handwashing preparation and method of application <br>of the handwashing preparation<\/h3>\t\t\t\t<\/div>\n\t\t\t\t<\/div>\n\t\t\t\t<div class=\"elementor-element elementor-element-8a2cf3a elementor-widget elementor-widget-text-editor\" data-id=\"8a2cf3a\" data-element_type=\"widget\" data-e-type=\"widget\" data-widget_type=\"text-editor.default\">\n\t\t\t\t<div class=\"elementor-widget-container\">\n\t\t\t\t\t\t\t\t\t<p><strong>Cosmetic based on mild surfactants <\/strong> (sodium, potassium or ammonium alkoyltaurates; sodium, potassium or ammonium alkoylsarcosinates; sodium, potassium or ammonium alkoylisethionates) using an extractor, designed for a touchless dispensing system.<\/p><p>Patent application no. P. 442560 &#8211; decision to grant patent 25.06.2024.<\/p><p><strong>Entitled to patents:<\/strong><\/p><p>\u0141ukasiewicz Research Network &#8211; Institute of Heavy Organic Synthesis &#8220;Blachownia&#8221;, K\u0119dzierzyn-Ko\u017ale,<\/p><p>CosMedChem Tomasz Wasilewski, Radom<\/p>\t\t\t\t\t\t\t\t<\/div>\n\t\t\t\t<\/div>\n\t\t\t\t<div class=\"elementor-element elementor-element-84f1a89 elementor-widget elementor-widget-heading\" data-id=\"84f1a89\" data-element_type=\"widget\" data-e-type=\"widget\" data-widget_type=\"heading.default\">\n\t\t\t\t<div class=\"elementor-widget-container\">\n\t\t\t\t\t<h3 class=\"elementor-heading-title elementor-size-default\">Handwashing preparation and method of application <br>of the handwashing preparation<\/h3>\t\t\t\t<\/div>\n\t\t\t\t<\/div>\n\t\t\t\t<div class=\"elementor-element elementor-element-1623c04 elementor-widget elementor-widget-text-editor\" data-id=\"1623c04\" data-element_type=\"widget\" data-e-type=\"widget\" data-widget_type=\"text-editor.default\">\n\t\t\t\t<div class=\"elementor-widget-container\">\n\t\t\t\t\t\t\t\t\t<p><strong>Cosmetic based on natural surfactants<\/strong> (sodium, potassium or ammonium alkyl sulphates; sodium, potassium or ammonium soaps; sodium, potassium or ammonium alkoylglutamates) using lyophilisates, designed for a touchless dispensing system.<\/p><p>Patent application no. P.442562 &#8211; decision to grant patent 25.06.2024.<\/p><p><strong>Entitled to patents:<\/strong><\/p><p>\u0141ukasiewicz Research Network &#8211; Institute of Heavy Organic Synthesis &#8220;Blachownia&#8221;, K\u0119dzierzyn-Ko\u017ale,<\/p><p>CosMedChem Tomasz Wasilewski, Radom<\/p>\t\t\t\t\t\t\t\t<\/div>\n\t\t\t\t<\/div>\n\t\t\t\t<div class=\"elementor-element elementor-element-592fe84 elementor-widget elementor-widget-heading\" data-id=\"592fe84\" data-element_type=\"widget\" data-e-type=\"widget\" data-widget_type=\"heading.default\">\n\t\t\t\t<div class=\"elementor-widget-container\">\n\t\t\t\t\t<h3 class=\"elementor-heading-title elementor-size-default\">Handwashing preparation and method of application <br>of the handwashing preparation<\/h3>\t\t\t\t<\/div>\n\t\t\t\t<\/div>\n\t\t\t\t<div class=\"elementor-element elementor-element-435c9ca elementor-widget elementor-widget-text-editor\" data-id=\"435c9ca\" data-element_type=\"widget\" data-e-type=\"widget\" data-widget_type=\"text-editor.default\">\n\t\t\t\t<div class=\"elementor-widget-container\">\n\t\t\t\t\t\t\t\t\t<p><strong>Cosmetic based on mild surfactants<\/strong> (sodium, potassium or ammonium alkoyltaurates; sodium, potassium or ammonium alkoylsarcosinates; sodium, potassium or ammonium alkoylisethionates) using lyophilisates, designed for a touchless dispensing system.<\/p><p>Patent application no. P.442567 &#8211; decision to grant patent 25.06.2024.<\/p><p><strong>Entitled to patents:<\/strong><\/p><p>\u0141ukasiewicz Research Network &#8211; Institute of Heavy Organic Synthesis &#8220;Blachownia&#8221;, K\u0119dzierzyn-Ko\u017ale,<\/p><p>CosMedChem Tomasz Wasilewski, Radom<\/p>\t\t\t\t\t\t\t\t<\/div>\n\t\t\t\t<\/div>\n\t\t\t\t\t<\/div>\n\t\t\t\t<\/div>\n\t\t\t\t<\/div>\n\t\t","protected":false},"excerpt":{"rendered":"<p>New concept of contact-free cosmetic dispensing system with innovative, needs-based safety product formulation Handwashing preparation and method of application of the handwashing preparation Cosmetic with hydrophobic minerals, based on natural surfactants (sodium, potassium or ammonium alkyl sulphates; sodium, potassium or ammonium soaps; sodium, potassium or ammonium alkylglutamates) for a touchless dispensing system Patent application no. [&hellip;]<\/p>\n","protected":false},"author":167,"featured_media":0,"parent":69991,"menu_order":0,"comment_status":"closed","ping_status":"closed","template":"","meta":{"_acf_changed":false,"_seopress_robots_primary_cat":"","_seopress_titles_title":"New concept of contact-free cosmetic dispensing system with innovative, needs-based safety product formulation","_seopress_titles_desc":"","_seopress_robots_index":"","inline_featured_image":false,"footnotes":""},"class_list":["post-70011","page","type-page","status-publish","hentry"],"acf":{"page_icon":null},"publishpress_future_action":{"enabled":false,"date":"2026-05-07 19:32:40","action":"change-status","newStatus":"draft","terms":[],"taxonomy":"translation_priority","extraData":[]},"publishpress_future_workflow_manual_trigger":{"enabledWorkflows":[]},"_links":{"self":[{"href":"https:\/\/icso.lukasiewicz.gov.pl\/en\/wp-json\/wp\/v2\/pages\/70011","targetHints":{"allow":["GET"]}}],"collection":[{"href":"https:\/\/icso.lukasiewicz.gov.pl\/en\/wp-json\/wp\/v2\/pages"}],"about":[{"href":"https:\/\/icso.lukasiewicz.gov.pl\/en\/wp-json\/wp\/v2\/types\/page"}],"author":[{"embeddable":true,"href":"https:\/\/icso.lukasiewicz.gov.pl\/en\/wp-json\/wp\/v2\/users\/167"}],"replies":[{"embeddable":true,"href":"https:\/\/icso.lukasiewicz.gov.pl\/en\/wp-json\/wp\/v2\/comments?post=70011"}],"version-history":[{"count":1,"href":"https:\/\/icso.lukasiewicz.gov.pl\/en\/wp-json\/wp\/v2\/pages\/70011\/revisions"}],"predecessor-version":[{"id":70012,"href":"https:\/\/icso.lukasiewicz.gov.pl\/en\/wp-json\/wp\/v2\/pages\/70011\/revisions\/70012"}],"up":[{"embeddable":true,"href":"https:\/\/icso.lukasiewicz.gov.pl\/en\/wp-json\/wp\/v2\/pages\/69991"}],"wp:attachment":[{"href":"https:\/\/icso.lukasiewicz.gov.pl\/en\/wp-json\/wp\/v2\/media?parent=70011"}],"curies":[{"name":"wp","href":"https:\/\/api.w.org\/{rel}","templated":true}]}}