{"id":70006,"date":"2025-01-09T10:50:56","date_gmt":"2025-01-09T09:50:56","guid":{"rendered":"https:\/\/icso.lukasiewicz.gov.pl\/offer\/specialized-technologies-and-products\/cosmetics-based-on-plant-extracts-grape-marc\/"},"modified":"2025-07-17T12:40:28","modified_gmt":"2025-07-17T10:40:28","slug":"cosmetics-based-on-plant-extracts-grape-marc","status":"publish","type":"page","link":"https:\/\/icso.lukasiewicz.gov.pl\/en\/offer\/specialized-technologies-and-products\/cosmetics-based-on-plant-extracts-grape-marc\/","title":{"rendered":"Cosmetics based on plant extracts grape marc"},"content":{"rendered":"\t\t<div data-elementor-type=\"wp-page\" data-elementor-id=\"70006\" class=\"elementor elementor-70006 elementor-65351\" data-elementor-post-type=\"page\">\n\t\t\t\t<div class=\"elementor-element elementor-element-ed3db20 e-flex e-con-boxed e-con e-parent\" data-id=\"ed3db20\" data-element_type=\"container\" data-e-type=\"container\">\n\t\t\t\t\t<div class=\"e-con-inner\">\n\t\t\t\t<div class=\"elementor-element elementor-element-ecbf271 elementor-widget elementor-widget-heading\" data-id=\"ecbf271\" data-element_type=\"widget\" data-e-type=\"widget\" data-widget_type=\"heading.default\">\n\t\t\t\t<div class=\"elementor-widget-container\">\n\t\t\t\t\t<h2 class=\"elementor-heading-title elementor-size-default\">Cosmetics based on plant extracts grape marc<\/h2>\t\t\t\t<\/div>\n\t\t\t\t<\/div>\n\t\t\t\t<div class=\"elementor-element elementor-element-c5056f8 elementor-widget elementor-widget-heading\" data-id=\"c5056f8\" data-element_type=\"widget\" data-e-type=\"widget\" data-widget_type=\"heading.default\">\n\t\t\t\t<div class=\"elementor-widget-container\">\n\t\t\t\t\t<h3 class=\"elementor-heading-title elementor-size-default\">Shower gel<\/h3>\t\t\t\t<\/div>\n\t\t\t\t<\/div>\n\t\t\t\t<div class=\"elementor-element elementor-element-f2efefb elementor-widget elementor-widget-text-editor\" data-id=\"f2efefb\" data-element_type=\"widget\" data-e-type=\"widget\" data-widget_type=\"text-editor.default\">\n\t\t\t\t<div class=\"elementor-widget-container\">\n\t\t\t\t\t\t\t\t\t<p>Shower gel based on plant extracts from grape marc obtained using Loan Chemical Extraction (LCE).<\/p><p>Patent application no. P.440544<\/p><p><strong>Entitled to patents:<\/strong><\/p><p>\u0141ukasiewicz Research Network &#8211; Institute of Heavy Organic Synthesis &#8220;Blachownia&#8221;, K\u0119dzierzyn-Ko\u017ale,<\/p><p>CosMedChem Tomasz Wasilewski, Radom<\/p>\t\t\t\t\t\t\t\t<\/div>\n\t\t\t\t<\/div>\n\t\t\t\t<div class=\"elementor-element elementor-element-2dbe923 elementor-widget elementor-widget-heading\" data-id=\"2dbe923\" data-element_type=\"widget\" data-e-type=\"widget\" data-widget_type=\"heading.default\">\n\t\t\t\t<div class=\"elementor-widget-container\">\n\t\t\t\t\t<h3 class=\"elementor-heading-title elementor-size-default\">Skin cleanser and make-up remover<\/h3>\t\t\t\t<\/div>\n\t\t\t\t<\/div>\n\t\t\t\t<div class=\"elementor-element elementor-element-d0a0f21 elementor-widget elementor-widget-text-editor\" data-id=\"d0a0f21\" data-element_type=\"widget\" data-e-type=\"widget\" data-widget_type=\"text-editor.default\">\n\t\t\t\t<div class=\"elementor-widget-container\">\n\t\t\t\t\t\t\t\t\t<p>Skin cleanser and make-up remover based on grape pomace plant extracts obtained using Loan Chemical Extraction (LCE).<\/p><p>Patent application no. P.440550<\/p><p><strong>Entitled to patents:<\/strong><\/p><p>\u0141ukasiewicz Research Network &#8211; Institute of Heavy Organic Synthesis &#8220;Blachownia&#8221;, K\u0119dzierzyn-Ko\u017ale,<\/p><p>CosMedChem Tomasz Wasilewski, Radom<\/p>\t\t\t\t\t\t\t\t<\/div>\n\t\t\t\t<\/div>\n\t\t\t\t<div class=\"elementor-element elementor-element-673ccd3 elementor-widget elementor-widget-heading\" data-id=\"673ccd3\" data-element_type=\"widget\" data-e-type=\"widget\" data-widget_type=\"heading.default\">\n\t\t\t\t<div class=\"elementor-widget-container\">\n\t\t\t\t\t<h3 class=\"elementor-heading-title elementor-size-default\">Formula for washing hands<\/h3>\t\t\t\t<\/div>\n\t\t\t\t<\/div>\n\t\t\t\t<div class=\"elementor-element elementor-element-5c8771d elementor-widget elementor-widget-text-editor\" data-id=\"5c8771d\" data-element_type=\"widget\" data-e-type=\"widget\" data-widget_type=\"text-editor.default\">\n\t\t\t\t<div class=\"elementor-widget-container\">\n\t\t\t\t\t\t\t\t\t<p>Formula for washing hands based on plant extracts from grape marc obtained using Loan Chemical Extraction (LCE).<\/p><p>Patent application no. P.440553<\/p><p><strong>Entitled to patents:<\/strong><\/p><p>\u0141ukasiewicz Research Network &#8211; Institute of Heavy Organic Synthesis &#8220;Blachownia&#8221;, K\u0119dzierzyn-Ko\u017ale,<\/p><p>CosMedChem Tomasz Wasilewski, Radom<\/p>\t\t\t\t\t\t\t\t<\/div>\n\t\t\t\t<\/div>\n\t\t\t\t<div class=\"elementor-element elementor-element-e5e303b elementor-widget elementor-widget-heading\" data-id=\"e5e303b\" data-element_type=\"widget\" data-e-type=\"widget\" data-widget_type=\"heading.default\">\n\t\t\t\t<div class=\"elementor-widget-container\">\n\t\t\t\t\t<h3 class=\"elementor-heading-title elementor-size-default\">Shampoo<\/h3>\t\t\t\t<\/div>\n\t\t\t\t<\/div>\n\t\t\t\t<div class=\"elementor-element elementor-element-106fc15 elementor-widget elementor-widget-text-editor\" data-id=\"106fc15\" data-element_type=\"widget\" data-e-type=\"widget\" data-widget_type=\"text-editor.default\">\n\t\t\t\t<div class=\"elementor-widget-container\">\n\t\t\t\t\t\t\t\t\t<p>Shampoo based on plant extracts from grape marc obtained using Loan Chemical Extraction (LCE).<\/p><p>Patent application no. P.440554<\/p><p><strong>Entitled to patents:<\/strong><\/p><p>\u0141ukasiewicz Research Network &#8211; Institute of Heavy Organic Synthesis &#8220;Blachownia&#8221;, K\u0119dzierzyn-Ko\u017ale,<\/p><p>CosMedChem Tomasz Wasilewski, Radom<\/p>\t\t\t\t\t\t\t\t<\/div>\n\t\t\t\t<\/div>\n\t\t\t\t<div class=\"elementor-element elementor-element-f914861 elementor-widget elementor-widget-heading\" data-id=\"f914861\" data-element_type=\"widget\" data-e-type=\"widget\" data-widget_type=\"heading.default\">\n\t\t\t\t<div class=\"elementor-widget-container\">\n\t\t\t\t\t<h3 class=\"elementor-heading-title elementor-size-default\">Intimate hygiene lotion<\/h3>\t\t\t\t<\/div>\n\t\t\t\t<\/div>\n\t\t\t\t<div class=\"elementor-element elementor-element-b0ee40b elementor-widget elementor-widget-text-editor\" data-id=\"b0ee40b\" data-element_type=\"widget\" data-e-type=\"widget\" data-widget_type=\"text-editor.default\">\n\t\t\t\t<div class=\"elementor-widget-container\">\n\t\t\t\t\t\t\t\t\t<p>Intimate hygiene lotion based on grape pomace plant extracts obtained using Loan Chemical Extraction (LCE).<\/p><p>Patent application no. P.440549<\/p><p><strong>Entitled to patents:<\/strong><\/p><p>\u0141ukasiewicz Research Network &#8211; Institute of Heavy Organic Synthesis &#8220;Blachownia&#8221;, K\u0119dzierzyn-Ko\u017ale,<\/p><p>CosMedChem Tomasz Wasilewski, Radom<\/p>\t\t\t\t\t\t\t\t<\/div>\n\t\t\t\t<\/div>\n\t\t\t\t<div class=\"elementor-element elementor-element-b266f9f elementor-widget elementor-widget-heading\" data-id=\"b266f9f\" data-element_type=\"widget\" data-e-type=\"widget\" data-widget_type=\"heading.default\">\n\t\t\t\t<div class=\"elementor-widget-container\">\n\t\t\t\t\t<h3 class=\"elementor-heading-title elementor-size-default\">Liquid soap<\/h3>\t\t\t\t<\/div>\n\t\t\t\t<\/div>\n\t\t\t\t<div class=\"elementor-element elementor-element-6aa344d elementor-widget elementor-widget-text-editor\" data-id=\"6aa344d\" data-element_type=\"widget\" data-e-type=\"widget\" data-widget_type=\"text-editor.default\">\n\t\t\t\t<div class=\"elementor-widget-container\">\n\t\t\t\t\t\t\t\t\t<p>Liquid soap based on grape pomace plant extracts obtained using Loan Chemical Extraction (LCE).<\/p><p>Patent application no. P.440551<\/p><p><strong>Entitled to patents:<\/strong><\/p><p>\u0141ukasiewicz Research Network &#8211; Institute of Heavy Organic Synthesis &#8220;Blachownia&#8221;, K\u0119dzierzyn-Ko\u017ale,<\/p><p>CosMedChem Tomasz Wasilewski, Radom<\/p>\t\t\t\t\t\t\t\t<\/div>\n\t\t\t\t<\/div>\n\t\t\t\t\t<\/div>\n\t\t\t\t<\/div>\n\t\t\t\t<\/div>\n\t\t","protected":false},"excerpt":{"rendered":"<p>Cosmetics based on plant extracts grape marc Shower gel Shower gel based on plant extracts from grape marc obtained using Loan Chemical Extraction (LCE). Patent application no. P.440544 Entitled to patents: \u0141ukasiewicz Research Network &#8211; Institute of Heavy Organic Synthesis &#8220;Blachownia&#8221;, K\u0119dzierzyn-Ko\u017ale, CosMedChem Tomasz Wasilewski, Radom Skin cleanser and make-up remover Skin cleanser and make-up [&hellip;]<\/p>\n","protected":false},"author":167,"featured_media":0,"parent":69991,"menu_order":0,"comment_status":"closed","ping_status":"closed","template":"","meta":{"_acf_changed":false,"_seopress_robots_primary_cat":"","_seopress_titles_title":"Cosmetics based on plant extracts grape marc","_seopress_titles_desc":"","_seopress_robots_index":"","inline_featured_image":false,"footnotes":""},"class_list":["post-70006","page","type-page","status-publish","hentry"],"acf":{"page_icon":null},"publishpress_future_action":{"enabled":false,"date":"2026-05-07 19:32:54","action":"change-status","newStatus":"draft","terms":[],"taxonomy":"translation_priority","extraData":[]},"publishpress_future_workflow_manual_trigger":{"enabledWorkflows":[]},"_links":{"self":[{"href":"https:\/\/icso.lukasiewicz.gov.pl\/en\/wp-json\/wp\/v2\/pages\/70006","targetHints":{"allow":["GET"]}}],"collection":[{"href":"https:\/\/icso.lukasiewicz.gov.pl\/en\/wp-json\/wp\/v2\/pages"}],"about":[{"href":"https:\/\/icso.lukasiewicz.gov.pl\/en\/wp-json\/wp\/v2\/types\/page"}],"author":[{"embeddable":true,"href":"https:\/\/icso.lukasiewicz.gov.pl\/en\/wp-json\/wp\/v2\/users\/167"}],"replies":[{"embeddable":true,"href":"https:\/\/icso.lukasiewicz.gov.pl\/en\/wp-json\/wp\/v2\/comments?post=70006"}],"version-history":[{"count":1,"href":"https:\/\/icso.lukasiewicz.gov.pl\/en\/wp-json\/wp\/v2\/pages\/70006\/revisions"}],"predecessor-version":[{"id":70007,"href":"https:\/\/icso.lukasiewicz.gov.pl\/en\/wp-json\/wp\/v2\/pages\/70006\/revisions\/70007"}],"up":[{"embeddable":true,"href":"https:\/\/icso.lukasiewicz.gov.pl\/en\/wp-json\/wp\/v2\/pages\/69991"}],"wp:attachment":[{"href":"https:\/\/icso.lukasiewicz.gov.pl\/en\/wp-json\/wp\/v2\/media?parent=70006"}],"curies":[{"name":"wp","href":"https:\/\/api.w.org\/{rel}","templated":true}]}}