{"id":70001,"date":"2025-01-09T10:17:08","date_gmt":"2025-01-09T09:17:08","guid":{"rendered":"https:\/\/icso.lukasiewicz.gov.pl\/offer\/specialized-technologies-and-products\/cosmetics-based-in-plant-extract-from-vine-leaf-buds\/"},"modified":"2025-07-17T12:16:29","modified_gmt":"2025-07-17T10:16:29","slug":"cosmetics-based-in-plant-extract-from-vine-leaf-buds","status":"publish","type":"page","link":"https:\/\/icso.lukasiewicz.gov.pl\/en\/offer\/specialized-technologies-and-products\/cosmetics-based-in-plant-extract-from-vine-leaf-buds\/","title":{"rendered":"Cosmetics based in plant extract from vine leaf buds"},"content":{"rendered":"\t\t<div data-elementor-type=\"wp-page\" data-elementor-id=\"70001\" class=\"elementor elementor-70001 elementor-65338\" data-elementor-post-type=\"page\">\n\t\t\t\t<div class=\"elementor-element elementor-element-11f57d7 e-flex e-con-boxed e-con e-parent\" data-id=\"11f57d7\" data-element_type=\"container\" data-e-type=\"container\">\n\t\t\t\t\t<div class=\"e-con-inner\">\n\t\t\t\t<div class=\"elementor-element elementor-element-e342c1b elementor-widget elementor-widget-heading\" data-id=\"e342c1b\" data-element_type=\"widget\" data-e-type=\"widget\" data-widget_type=\"heading.default\">\n\t\t\t\t<div class=\"elementor-widget-container\">\n\t\t\t\t\t<h2 class=\"elementor-heading-title elementor-size-default\">Cosmetics based in plant extract from vine leaf buds<\/h2>\t\t\t\t<\/div>\n\t\t\t\t<\/div>\n\t\t\t\t<div class=\"elementor-element elementor-element-eb15343 elementor-widget elementor-widget-heading\" data-id=\"eb15343\" data-element_type=\"widget\" data-e-type=\"widget\" data-widget_type=\"heading.default\">\n\t\t\t\t<div class=\"elementor-widget-container\">\n\t\t\t\t\t<h3 class=\"elementor-heading-title elementor-size-default\">Eye serum<\/h3>\t\t\t\t<\/div>\n\t\t\t\t<\/div>\n\t\t\t\t<div class=\"elementor-element elementor-element-78ebdce elementor-widget elementor-widget-text-editor\" data-id=\"78ebdce\" data-element_type=\"widget\" data-e-type=\"widget\" data-widget_type=\"text-editor.default\">\n\t\t\t\t<div class=\"elementor-widget-container\">\n\t\t\t\t\t\t\t\t\t<p>Eye serum based on plant extracts from vine leaf buds obtained using Loan Chemical Extraction (LCE).<\/p><p>Patent application no. P.447605<\/p><p><strong>Entitled to patents:<\/strong><\/p><p>\u0141ukasiewicz Research Network &#8211; Institute of Heavy Organic Synthesis &#8220;Blachownia&#8221;, K\u0119dzierzyn-Ko\u017ale,<\/p><p>CosMedChem Tomasz Wasilewski, Radom<\/p>\t\t\t\t\t\t\t\t<\/div>\n\t\t\t\t<\/div>\n\t\t\t\t<div class=\"elementor-element elementor-element-de0d4a9 elementor-widget elementor-widget-heading\" data-id=\"de0d4a9\" data-element_type=\"widget\" data-e-type=\"widget\" data-widget_type=\"heading.default\">\n\t\t\t\t<div class=\"elementor-widget-container\">\n\t\t\t\t\t<h3 class=\"elementor-heading-title elementor-size-default\">Facial serum<\/h3>\t\t\t\t<\/div>\n\t\t\t\t<\/div>\n\t\t\t\t<div class=\"elementor-element elementor-element-36a0652 elementor-widget elementor-widget-text-editor\" data-id=\"36a0652\" data-element_type=\"widget\" data-e-type=\"widget\" data-widget_type=\"text-editor.default\">\n\t\t\t\t<div class=\"elementor-widget-container\">\n\t\t\t\t\t\t\t\t\t<p>Facial serum based on plant extracts from vine leaf buds obtained using Loan Chemical Extraction (LCE).<\/p><p>Patent application no. P.447604<\/p><p><strong>Entitled to patents:<\/strong><\/p><p>\u0141ukasiewicz Research Network &#8211; Institute of Heavy Organic Synthesis &#8220;Blachownia&#8221;, K\u0119dzierzyn-Ko\u017ale,<\/p><p>CosMedChem Tomasz Wasilewski, Radom<\/p>\t\t\t\t\t\t\t\t<\/div>\n\t\t\t\t<\/div>\n\t\t\t\t<div class=\"elementor-element elementor-element-9c5c64e elementor-widget elementor-widget-heading\" data-id=\"9c5c64e\" data-element_type=\"widget\" data-e-type=\"widget\" data-widget_type=\"heading.default\">\n\t\t\t\t<div class=\"elementor-widget-container\">\n\t\t\t\t\t<h3 class=\"elementor-heading-title elementor-size-default\">Body lotion<\/h3>\t\t\t\t<\/div>\n\t\t\t\t<\/div>\n\t\t\t\t<div class=\"elementor-element elementor-element-2db9a30 elementor-widget elementor-widget-text-editor\" data-id=\"2db9a30\" data-element_type=\"widget\" data-e-type=\"widget\" data-widget_type=\"text-editor.default\">\n\t\t\t\t<div class=\"elementor-widget-container\">\n\t\t\t\t\t\t\t\t\t<p>Body lotion based on plant extracts from vine leaf buds obtained using Loan Chemical Extraction (LCE).<\/p><p>Patent application no. P.447602<\/p><p><strong>Entitled to patents:<\/strong><\/p><p>\u0141ukasiewicz Research Network &#8211; Institute of Heavy Organic Synthesis &#8220;Blachownia&#8221;, K\u0119dzierzyn-Ko\u017ale,<\/p><p>CosMedChem Tomasz Wasilewski, Radom<\/p>\t\t\t\t\t\t\t\t<\/div>\n\t\t\t\t<\/div>\n\t\t\t\t<div class=\"elementor-element elementor-element-9ccda45 elementor-widget elementor-widget-heading\" data-id=\"9ccda45\" data-element_type=\"widget\" data-e-type=\"widget\" data-widget_type=\"heading.default\">\n\t\t\t\t<div class=\"elementor-widget-container\">\n\t\t\t\t\t<h3 class=\"elementor-heading-title elementor-size-default\">Face cream<\/h3>\t\t\t\t<\/div>\n\t\t\t\t<\/div>\n\t\t\t\t<div class=\"elementor-element elementor-element-45f095e elementor-widget elementor-widget-text-editor\" data-id=\"45f095e\" data-element_type=\"widget\" data-e-type=\"widget\" data-widget_type=\"text-editor.default\">\n\t\t\t\t<div class=\"elementor-widget-container\">\n\t\t\t\t\t\t\t\t\t<p>Face cream based on plant extracts from vine leaf buds obtained using Loan Chemical Extraction (LCE).<\/p><p>Patent application no. P.447599<\/p><p><strong>Entitled to patents:<\/strong><\/p><p>\u0141ukasiewicz Research Network &#8211; Institute of Heavy Organic Synthesis &#8220;Blachownia&#8221;, K\u0119dzierzyn-Ko\u017ale,<\/p><p>CosMedChem Tomasz Wasilewski, Radom<\/p>\t\t\t\t\t\t\t\t<\/div>\n\t\t\t\t<\/div>\n\t\t\t\t<div class=\"elementor-element elementor-element-506f185 elementor-widget elementor-widget-heading\" data-id=\"506f185\" data-element_type=\"widget\" data-e-type=\"widget\" data-widget_type=\"heading.default\">\n\t\t\t\t<div class=\"elementor-widget-container\">\n\t\t\t\t\t<h3 class=\"elementor-heading-title elementor-size-default\">Eye cream<\/h3>\t\t\t\t<\/div>\n\t\t\t\t<\/div>\n\t\t\t\t<div class=\"elementor-element elementor-element-ac00f05 elementor-widget elementor-widget-text-editor\" data-id=\"ac00f05\" data-element_type=\"widget\" data-e-type=\"widget\" data-widget_type=\"text-editor.default\">\n\t\t\t\t<div class=\"elementor-widget-container\">\n\t\t\t\t\t\t\t\t\t<p>Eye cream based on plant extracts from vine leaf buds obtained using Loan Chemical Extraction (LCE).<\/p><p>Patent application no. P.447597<\/p><p><strong>Entitled to patents:<\/strong><\/p><p>\u0141ukasiewicz Research Network &#8211; Institute of Heavy Organic Synthesis &#8220;Blachownia&#8221;, K\u0119dzierzyn-Ko\u017ale,<\/p><p>CosMedChem Tomasz Wasilewski, Radom<\/p>\t\t\t\t\t\t\t\t<\/div>\n\t\t\t\t<\/div>\n\t\t\t\t<div class=\"elementor-element elementor-element-b9b29d0 elementor-widget elementor-widget-heading\" data-id=\"b9b29d0\" data-element_type=\"widget\" data-e-type=\"widget\" data-widget_type=\"heading.default\">\n\t\t\t\t<div class=\"elementor-widget-container\">\n\t\t\t\t\t<h3 class=\"elementor-heading-title elementor-size-default\">Hand cream<\/h3>\t\t\t\t<\/div>\n\t\t\t\t<\/div>\n\t\t\t\t<div class=\"elementor-element elementor-element-1235021 elementor-widget elementor-widget-text-editor\" data-id=\"1235021\" data-element_type=\"widget\" data-e-type=\"widget\" data-widget_type=\"text-editor.default\">\n\t\t\t\t<div class=\"elementor-widget-container\">\n\t\t\t\t\t\t\t\t\t<p>Hand cream based on plant extracts from vine leaf buds obtained using Loan Chemical Extraction (LCE).<\/p><p>Patent application no. P.447600<\/p><p><strong>Entitled to patents:<\/strong><\/p><p>\u0141ukasiewicz Research Network &#8211; Institute of Heavy Organic Synthesis &#8220;Blachownia&#8221;, K\u0119dzierzyn-Ko\u017ale,<\/p><p>CosMedChem Tomasz Wasilewski, Radom<\/p>\t\t\t\t\t\t\t\t<\/div>\n\t\t\t\t<\/div>\n\t\t\t\t\t<\/div>\n\t\t\t\t<\/div>\n\t\t\t\t<\/div>\n\t\t","protected":false},"excerpt":{"rendered":"<p>Cosmetics based in plant extract from vine leaf buds Eye serum Eye serum based on plant extracts from vine leaf buds obtained using Loan Chemical Extraction (LCE). Patent application no. P.447605 Entitled to patents: \u0141ukasiewicz Research Network &#8211; Institute of Heavy Organic Synthesis &#8220;Blachownia&#8221;, K\u0119dzierzyn-Ko\u017ale, CosMedChem Tomasz Wasilewski, Radom Facial serum Facial serum based on [&hellip;]<\/p>\n","protected":false},"author":167,"featured_media":0,"parent":69991,"menu_order":0,"comment_status":"closed","ping_status":"closed","template":"","meta":{"_acf_changed":false,"_seopress_robots_primary_cat":"","_seopress_titles_title":"Kosmetyki na bazie ekstrakt\u00f3w ro\u015blinnych z p\u0105k\u00f3w li\u015bci i winoro\u015bli","_seopress_titles_desc":"","_seopress_robots_index":"","inline_featured_image":false,"footnotes":""},"class_list":["post-70001","page","type-page","status-publish","hentry"],"acf":{"page_icon":null},"publishpress_future_action":{"enabled":false,"date":"2026-05-07 19:30:35","action":"change-status","newStatus":"draft","terms":[],"taxonomy":"translation_priority","extraData":[]},"publishpress_future_workflow_manual_trigger":{"enabledWorkflows":[]},"_links":{"self":[{"href":"https:\/\/icso.lukasiewicz.gov.pl\/en\/wp-json\/wp\/v2\/pages\/70001","targetHints":{"allow":["GET"]}}],"collection":[{"href":"https:\/\/icso.lukasiewicz.gov.pl\/en\/wp-json\/wp\/v2\/pages"}],"about":[{"href":"https:\/\/icso.lukasiewicz.gov.pl\/en\/wp-json\/wp\/v2\/types\/page"}],"author":[{"embeddable":true,"href":"https:\/\/icso.lukasiewicz.gov.pl\/en\/wp-json\/wp\/v2\/users\/167"}],"replies":[{"embeddable":true,"href":"https:\/\/icso.lukasiewicz.gov.pl\/en\/wp-json\/wp\/v2\/comments?post=70001"}],"version-history":[{"count":1,"href":"https:\/\/icso.lukasiewicz.gov.pl\/en\/wp-json\/wp\/v2\/pages\/70001\/revisions"}],"predecessor-version":[{"id":70002,"href":"https:\/\/icso.lukasiewicz.gov.pl\/en\/wp-json\/wp\/v2\/pages\/70001\/revisions\/70002"}],"up":[{"embeddable":true,"href":"https:\/\/icso.lukasiewicz.gov.pl\/en\/wp-json\/wp\/v2\/pages\/69991"}],"wp:attachment":[{"href":"https:\/\/icso.lukasiewicz.gov.pl\/en\/wp-json\/wp\/v2\/media?parent=70001"}],"curies":[{"name":"wp","href":"https:\/\/api.w.org\/{rel}","templated":true}]}}