{"id":69491,"date":"2024-07-20T14:32:57","date_gmt":"2024-07-20T12:32:57","guid":{"rendered":"https:\/\/icso.lukasiewicz.gov.pl\/whats-new-with-us\/"},"modified":"2025-07-01T13:37:50","modified_gmt":"2025-07-01T11:37:50","slug":"whats-new-with-us","status":"publish","type":"page","link":"https:\/\/icso.lukasiewicz.gov.pl\/en\/whats-new-with-us\/","title":{"rendered":"What&#8217;s new with us?"},"content":{"rendered":"\t\t<div data-elementor-type=\"wp-page\" data-elementor-id=\"69491\" class=\"elementor elementor-69491 elementor-60794\" data-elementor-post-type=\"page\">\n\t\t\t\t\t\t<section class=\"elementor-section elementor-top-section elementor-element elementor-element-208a1341 elementor-section-boxed elementor-section-height-default elementor-section-height-default\" data-id=\"208a1341\" data-element_type=\"section\" data-e-type=\"section\">\n\t\t\t\t\t\t<div class=\"elementor-container elementor-column-gap-default\">\n\t\t\t\t\t<div class=\"elementor-column elementor-col-100 elementor-top-column elementor-element elementor-element-3adbc811\" data-id=\"3adbc811\" data-element_type=\"column\" data-e-type=\"column\">\n\t\t\t<div class=\"elementor-widget-wrap elementor-element-populated\">\n\t\t\t\t\t\t<div class=\"elementor-element elementor-element-270e3318 elementor-widget elementor-widget-heading\" data-id=\"270e3318\" data-element_type=\"widget\" data-e-type=\"widget\" data-widget_type=\"heading.default\">\n\t\t\t\t<div class=\"elementor-widget-container\">\n\t\t\t\t\t<h2 class=\"elementor-heading-title elementor-size-default\">What's new with us?<\/h2>\t\t\t\t<\/div>\n\t\t\t\t<\/div>\n\t\t\t\t\t<\/div>\n\t\t<\/div>\n\t\t\t\t\t<\/div>\n\t\t<\/section>\n\t\t\t\t<section class=\"elementor-section elementor-top-section elementor-element elementor-element-5e41f0ba elementor-hidden-desktop elementor-hidden-tablet elementor-hidden-mobile elementor-section-boxed elementor-section-height-default elementor-section-height-default\" data-id=\"5e41f0ba\" data-element_type=\"section\" data-e-type=\"section\">\n\t\t\t\t\t\t<div class=\"elementor-container elementor-column-gap-default\">\n\t\t\t\t\t<div class=\"elementor-column elementor-col-50 elementor-top-column elementor-element elementor-element-10e3cb4f sticky-post-elementor-section\" data-id=\"10e3cb4f\" data-element_type=\"column\" data-e-type=\"column\">\n\t\t\t<div class=\"elementor-widget-wrap\">\n\t\t\t\t\t\t\t<\/div>\n\t\t<\/div>\n\t\t\t\t<div class=\"elementor-column elementor-col-50 elementor-top-column elementor-element elementor-element-31adb76b\" data-id=\"31adb76b\" data-element_type=\"column\" data-e-type=\"column\">\n\t\t\t<div class=\"elementor-widget-wrap elementor-element-populated\">\n\t\t\t\t\t\t<div class=\"elementor-element elementor-element-723bfe3d menu-section elementor-widget-mobile__width-inherit elementor-widget elementor-widget-template\" data-id=\"723bfe3d\" data-element_type=\"widget\" data-e-type=\"widget\" data-widget_type=\"template.default\">\n\t\t\t\t<div class=\"elementor-widget-container\">\n\t\t\t\t\t\t\t<div class=\"elementor-template\">\n\t\t\t\t\t<div data-elementor-type=\"section\" data-elementor-id=\"911\" class=\"elementor elementor-911\" data-elementor-post-type=\"elementor_library\">\n\t\t\t\t\t<div class=\"elementor-section elementor-top-section elementor-element elementor-element-66b5627 menu-section elementor-section-full_width elementor-section-height-default elementor-section-height-default\" data-id=\"66b5627\" data-element_type=\"section\" data-e-type=\"section\">\n\t\t\t\t\t\t<div class=\"elementor-container elementor-column-gap-narrow\">\n\t\t\t\t\t<div class=\"elementor-column elementor-col-100 elementor-top-column elementor-element elementor-element-a9c7d92\" data-id=\"a9c7d92\" data-element_type=\"column\" data-e-type=\"column\">\n\t\t\t<div class=\"elementor-widget-wrap elementor-element-populated\">\n\t\t\t\t\t\t<div class=\"elementor-element elementor-element-1be7168 elementor-widget__width-auto btn-cut-off-hover elementor-align-left elementor-widget-mobile__width-auto elementor-widget elementor-widget-button\" data-id=\"1be7168\" data-element_type=\"widget\" data-e-type=\"widget\" data-widget_type=\"button.default\">\n\t\t\t\t<div class=\"elementor-widget-container\">\n\t\t\t\t\t\t\t\t\t<div class=\"elementor-button-wrapper\">\n\t\t\t\t\t<a class=\"elementor-button elementor-button-link elementor-size-sm\" href=\"https:\/\/icso.lukasiewicz.gov.pl\/co-u-nas\/?c=37\">\n\t\t\t\t\t\t<span class=\"elementor-button-content-wrapper\">\n\t\t\t\t\t\t\t\t\t<span class=\"elementor-button-text\">WYDARZENIA<\/span>\n\t\t\t\t\t<\/span>\n\t\t\t\t\t<\/a>\n\t\t\t\t<\/div>\n\t\t\t\t\t\t\t\t<\/div>\n\t\t\t\t<\/div>\n\t\t\t\t<div class=\"elementor-element elementor-element-f953f6a elementor-widget__width-auto btn-cut-off-hover elementor-align-left elementor-widget-mobile__width-auto elementor-widget elementor-widget-button\" data-id=\"f953f6a\" data-element_type=\"widget\" data-e-type=\"widget\" data-widget_type=\"button.default\">\n\t\t\t\t<div class=\"elementor-widget-container\">\n\t\t\t\t\t\t\t\t\t<div class=\"elementor-button-wrapper\">\n\t\t\t\t\t<a class=\"elementor-button elementor-button-link elementor-size-sm\" href=\"https:\/\/icso.lukasiewicz.gov.pl\/co-u-nas\/?c=32\">\n\t\t\t\t\t\t<span class=\"elementor-button-content-wrapper\">\n\t\t\t\t\t\t\t\t\t<span class=\"elementor-button-text\">SUKCESY<\/span>\n\t\t\t\t\t<\/span>\n\t\t\t\t\t<\/a>\n\t\t\t\t<\/div>\n\t\t\t\t\t\t\t\t<\/div>\n\t\t\t\t<\/div>\n\t\t\t\t<div class=\"elementor-element elementor-element-485332e elementor-widget__width-auto btn-cut-off-hover elementor-widget-mobile__width-auto elementor-widget elementor-widget-button\" data-id=\"485332e\" data-element_type=\"widget\" data-e-type=\"widget\" data-widget_type=\"button.default\">\n\t\t\t\t<div class=\"elementor-widget-container\">\n\t\t\t\t\t\t\t\t\t<div class=\"elementor-button-wrapper\">\n\t\t\t\t\t<a class=\"elementor-button elementor-button-link elementor-size-sm\" href=\"https:\/\/icso.lukasiewicz.gov.pl\/co-u-nas\/?c=51\">\n\t\t\t\t\t\t<span class=\"elementor-button-content-wrapper\">\n\t\t\t\t\t\t\t\t\t<span class=\"elementor-button-text\">TECHNOLOGIE<\/span>\n\t\t\t\t\t<\/span>\n\t\t\t\t\t<\/a>\n\t\t\t\t<\/div>\n\t\t\t\t\t\t\t\t<\/div>\n\t\t\t\t<\/div>\n\t\t\t\t\t<\/div>\n\t\t<\/div>\n\t\t\t\t\t<\/div>\n\t\t<\/div>\n\t\t\t\t<\/div>\n\t\t\t\t<\/div>\n\t\t\t\t\t\t<\/div>\n\t\t\t\t<\/div>\n\t\t\t\t\t<\/div>\n\t\t<\/div>\n\t\t\t\t\t<\/div>\n\t\t<\/section>\n\t\t\t\t<section class=\"elementor-section elementor-top-section elementor-element elementor-element-5330ce9d elementor-section-boxed elementor-section-height-default elementor-section-height-default\" data-id=\"5330ce9d\" data-element_type=\"section\" data-e-type=\"section\">\n\t\t\t\t\t\t<div class=\"elementor-container elementor-column-gap-default\">\n\t\t\t\t\t<div class=\"elementor-column elementor-col-100 elementor-top-column elementor-element elementor-element-6ed1e091\" data-id=\"6ed1e091\" data-element_type=\"column\" data-e-type=\"column\">\n\t\t\t<div class=\"elementor-widget-wrap elementor-element-populated\">\n\t\t\t\t\t\t<div class=\"elementor-element elementor-element-5fc7fa87 elementor-widget elementor-widget-news_list_with_filters\" data-id=\"5fc7fa87\" data-element_type=\"widget\" data-e-type=\"widget\" data-widget_type=\"news_list_with_filters.default\">\n\t\t\t\t<div class=\"elementor-widget-container\">\n\t\t\t\t\t<div class=\"row\"><div class=\"col-12 text-md-center mb-4 mb-lg-5\"><\/div><div class=\"col-12 col-lg-8\"><ul class=\"nlwfw-posts__list\"><li class=\"nlwfw-posts__item\"><div class=\"row\"><div><span class=\"nspw-category-name-mobile\">Aktualno\u015bci<\/span><\/div><\/div><div class=\"nlwfw-posts__item-thumbnail\"><figure class=\"ratio ratio-4x3 overflow-hidden\"><img fetchpriority=\"high\" decoding=\"async\" width=\"1200\" height=\"848\" src=\"https:\/\/icso.lukasiewicz.gov.pl\/wp-content\/uploads\/sites\/34\/2026\/03\/zyczenia_eng-1200x848.jpg\" class=\"attachment-post-thumbnail size-post-thumbnail wp-post-image\" alt=\"\" srcset=\"https:\/\/icso.lukasiewicz.gov.pl\/wp-content\/uploads\/sites\/34\/2026\/03\/zyczenia_eng-1200x848.jpg 1200w, https:\/\/icso.lukasiewicz.gov.pl\/wp-content\/uploads\/sites\/34\/2026\/03\/zyczenia_eng-300x212.jpg 300w, https:\/\/icso.lukasiewicz.gov.pl\/wp-content\/uploads\/sites\/34\/2026\/03\/zyczenia_eng-1024x724.jpg 1024w, https:\/\/icso.lukasiewicz.gov.pl\/wp-content\/uploads\/sites\/34\/2026\/03\/zyczenia_eng-768x543.jpg 768w, https:\/\/icso.lukasiewicz.gov.pl\/wp-content\/uploads\/sites\/34\/2026\/03\/zyczenia_eng-1536x1085.jpg 1536w, https:\/\/icso.lukasiewicz.gov.pl\/wp-content\/uploads\/sites\/34\/2026\/03\/zyczenia_eng-2048x1447.jpg 2048w, https:\/\/icso.lukasiewicz.gov.pl\/wp-content\/uploads\/sites\/34\/2026\/03\/zyczenia_eng-1980x1399.jpg 1980w, https:\/\/icso.lukasiewicz.gov.pl\/wp-content\/uploads\/sites\/34\/2026\/03\/zyczenia_eng-24x17.jpg 24w, https:\/\/icso.lukasiewicz.gov.pl\/wp-content\/uploads\/sites\/34\/2026\/03\/zyczenia_eng-36x25.jpg 36w, https:\/\/icso.lukasiewicz.gov.pl\/wp-content\/uploads\/sites\/34\/2026\/03\/zyczenia_eng-48x34.jpg 48w\" sizes=\"(max-width: 1200px) 100vw, 1200px\" \/><\/figure><\/div><div class=\"nlwfw-posts__item-content\"><div class=\"mb-3 d-flex flex-wrap align-items-center\"><a class=\"nlwfw-posts__item-category me-3\" href=\"https:\/\/icso.lukasiewicz.gov.pl\/en\/whats-new-with-us\/?c=528\"><span>Aktualno\u015bci<\/span><\/a><span class=\"nlwfw-posts__item-date\">02 Apr 2026<\/span><\/div><a href=\"https:\/\/icso.lukasiewicz.gov.pl\/en\/happy-easter\/\"><h3 class=\"nlwfw-posts__item-title\">Happy Easter!<\/h3><div class=\"nlwfw-posts__item-description\"><\/div><\/div><\/a><\/li><li class=\"nlwfw-posts__item\"><div class=\"row\"><div><span class=\"nspw-category-name-mobile\"><\/span><\/div><\/div><div class=\"nlwfw-posts__item-thumbnail\"><figure class=\"ratio ratio-4x3 overflow-hidden\"><img decoding=\"async\" width=\"843\" height=\"535\" src=\"https:\/\/icso.lukasiewicz.gov.pl\/wp-content\/uploads\/sites\/34\/2025\/12\/eKARTKA_eng.jpg\" class=\"attachment-post-thumbnail size-post-thumbnail wp-post-image\" alt=\"\u017byczenia \u015bwi\u0105teczne\" srcset=\"https:\/\/icso.lukasiewicz.gov.pl\/wp-content\/uploads\/sites\/34\/2025\/12\/eKARTKA_eng.jpg 843w, https:\/\/icso.lukasiewicz.gov.pl\/wp-content\/uploads\/sites\/34\/2025\/12\/eKARTKA_eng-300x190.jpg 300w, https:\/\/icso.lukasiewicz.gov.pl\/wp-content\/uploads\/sites\/34\/2025\/12\/eKARTKA_eng-768x487.jpg 768w, https:\/\/icso.lukasiewicz.gov.pl\/wp-content\/uploads\/sites\/34\/2025\/12\/eKARTKA_eng-24x15.jpg 24w, https:\/\/icso.lukasiewicz.gov.pl\/wp-content\/uploads\/sites\/34\/2025\/12\/eKARTKA_eng-36x23.jpg 36w, https:\/\/icso.lukasiewicz.gov.pl\/wp-content\/uploads\/sites\/34\/2025\/12\/eKARTKA_eng-48x30.jpg 48w\" sizes=\"(max-width: 843px) 100vw, 843px\" \/><\/figure><\/div><div class=\"nlwfw-posts__item-content\"><div class=\"mb-3 d-flex flex-wrap align-items-center\"><a class=\"nlwfw-posts__item-category me-3\" href=\"https:\/\/icso.lukasiewicz.gov.pl\/en\/whats-new-with-us\/?c=38\"><span><\/span><\/a><span class=\"nlwfw-posts__item-date\">23 Dec 2025<\/span><\/div><a href=\"https:\/\/icso.lukasiewicz.gov.pl\/en\/merry-christmas\/\"><h3 class=\"nlwfw-posts__item-title\">Merry Christmas!<\/h3><div class=\"nlwfw-posts__item-description\"><\/div><\/div><\/a><\/li><\/ul><\/div><div class=\"d-none d-lg-block col-lg-3 offset-lg-1\"><\/div>\t\t\t\t<\/div>\n\t\t\t\t<\/div>\n\t\t\t\t\t<\/div>\n\t\t<\/div>\n\t\t\t\t\t<\/div>\n\t\t<\/section>\n\t\t\t\t<\/div>\n\t\t","protected":false},"excerpt":{"rendered":"<p>What&#8217;s new with us? Aktualno\u015bci Aktualno\u015bci04 cze 20253 min Zofia Hordyjewicz-Baran uzyska\u0142a stopie\u0144 naukowy doktora habilitowanego Lider Grupy Badawczej Analityka, Zofia Hordyjewicz-Baran uzyska\u0142a stopie\u0144 naukowy doktora habilitowanego za wybitne dokonania w obszarze chemii surfaktant\u00f3w. Aktualno\u015bci Aktualno\u015bci15 maj 20253 min Drugie seminarium wewn\u0119trzne w 2025 roku 13 maja br. spotkali\u015bmy si\u0119 ponownie, aby przedstawi\u0107 najnowsze wyniki [&hellip;]<\/p>\n","protected":false},"author":163,"featured_media":0,"parent":0,"menu_order":0,"comment_status":"closed","ping_status":"closed","template":"","meta":{"_acf_changed":false,"_seopress_robots_primary_cat":"","_seopress_titles_title":"","_seopress_titles_desc":"","_seopress_robots_index":"","inline_featured_image":false,"footnotes":""},"class_list":["post-69491","page","type-page","status-publish","hentry"],"acf":{"page_icon":null},"publishpress_future_action":{"enabled":false,"date":"2026-05-17 14:48:57","action":"change-status","newStatus":"draft","terms":[],"taxonomy":"translation_priority","extraData":[]},"publishpress_future_workflow_manual_trigger":{"enabledWorkflows":[]},"_links":{"self":[{"href":"https:\/\/icso.lukasiewicz.gov.pl\/en\/wp-json\/wp\/v2\/pages\/69491","targetHints":{"allow":["GET"]}}],"collection":[{"href":"https:\/\/icso.lukasiewicz.gov.pl\/en\/wp-json\/wp\/v2\/pages"}],"about":[{"href":"https:\/\/icso.lukasiewicz.gov.pl\/en\/wp-json\/wp\/v2\/types\/page"}],"author":[{"embeddable":true,"href":"https:\/\/icso.lukasiewicz.gov.pl\/en\/wp-json\/wp\/v2\/users\/163"}],"replies":[{"embeddable":true,"href":"https:\/\/icso.lukasiewicz.gov.pl\/en\/wp-json\/wp\/v2\/comments?post=69491"}],"version-history":[{"count":2,"href":"https:\/\/icso.lukasiewicz.gov.pl\/en\/wp-json\/wp\/v2\/pages\/69491\/revisions"}],"predecessor-version":[{"id":69493,"href":"https:\/\/icso.lukasiewicz.gov.pl\/en\/wp-json\/wp\/v2\/pages\/69491\/revisions\/69493"}],"wp:attachment":[{"href":"https:\/\/icso.lukasiewicz.gov.pl\/en\/wp-json\/wp\/v2\/media?parent=69491"}],"curies":[{"name":"wp","href":"https:\/\/api.w.org\/{rel}","templated":true}]}}